{"id":1112,"date":"2023-02-20T13:00:33","date_gmt":"2023-02-20T12:00:33","guid":{"rendered":"https:\/\/vitabad.dev.hayloft-it.ch\/?page_id=1112"},"modified":"2024-01-30T11:36:20","modified_gmt":"2024-01-30T10:36:20","slug":"vitapool-control","status":"publish","type":"page","link":"https:\/\/www.vitabad.ch\/en\/produkte\/vitapool-control\/","title":{"rendered":"VitaPool Control"},"content":{"rendered":"\n<h1 class=\"wp-block-heading\">VitaPool Control<\/h1>\n\n\n\n<p>Diese vollautomatische Poolsteuerung l\u00e4sst Ihren Pool nicht aus den Augen. Sie k\u00f6nnen Ihre Poolwasserwerte bequem per App kontrollieren.<\/p>\n\n\n\n<div class=\"wp-block-media-text alignwide has-media-on-the-right is-stacked-on-mobile\"><div class=\"wp-block-media-text__content\">\n<h2 class=\"wp-block-heading\">Rund-um-die-Uhr Monitoring<\/h2>\n\n\n\n<p>Diese innovative Form des Monitorings hat die Poolpflege grundlegend ver\u00e4ndert und bietet Poolbesitzern die Freiheit, die Qualit\u00e4t ihres Poolwassers von \u00fcberall und zu jeder Zeit zu \u00fcberwachen. <\/p>\n\n\n\n<p>Die Steuerungen lassen sich an das Internet anbinden und gew\u00e4hren somit eine \u00dcberwachung per App oder per Browser. Ziel ist es, die Wasserwerte zu \u00fcberwachen und die Historie aufzuzeigen. Gleichzeitig bietet sie uns die M\u00f6glichkeit Ihre Wasserwerte per Fernwartung zu kontrollieren und nach Bedarf einzugreifen. <\/p>\n<\/div><figure class=\"wp-block-media-text__media\" data-no-zoom=\"true\"><img loading=\"lazy\" decoding=\"async\" width=\"1024\" height=\"863\" src=\"https:\/\/www.vitabad.ch\/wp-content\/uploads\/2023\/03\/produkt_vita-poolcontrol-1024x863.png\" alt=\"\" class=\"wp-image-2533 size-full\" srcset=\"https:\/\/www.vitabad.ch\/wp-content\/uploads\/2023\/03\/produkt_vita-poolcontrol-1024x863.png 1024w, https:\/\/www.vitabad.ch\/wp-content\/uploads\/2023\/03\/produkt_vita-poolcontrol-300x253.png 300w, https:\/\/www.vitabad.ch\/wp-content\/uploads\/2023\/03\/produkt_vita-poolcontrol-150x126.png 150w, https:\/\/www.vitabad.ch\/wp-content\/uploads\/2023\/03\/produkt_vita-poolcontrol-768x647.png 768w, https:\/\/www.vitabad.ch\/wp-content\/uploads\/2023\/03\/produkt_vita-poolcontrol-1536x1294.png 1536w, https:\/\/www.vitabad.ch\/wp-content\/uploads\/2023\/03\/produkt_vita-poolcontrol-600x506.png 600w, https:\/\/www.vitabad.ch\/wp-content\/uploads\/2023\/03\/produkt_vita-poolcontrol.png 2000w\" sizes=\"auto, (max-width: 1024px) 100vw, 1024px\" \/><\/figure><\/div>\n\n\n\n<h2 class=\"wp-block-heading\">Salzhydrolyse &#8211; der nat\u00fcrliche Chlorersatz<\/h2>\n\n\n\n<h3 class=\"wp-block-heading\">Ein angenehmeres Gef\u00fchl<\/h3>\n\n\n\n<p>\u00abDie Wasserqualit\u00e4t ist bei einem Pool nat\u00fcrlich ein grosses Thema. Mittlerweile gibt es, ausser bei reinen Edelstahlpools und in \u00f6ffentlichen B\u00e4dern, wo dies mit Vorschriften zu tun hat, keinen Grund mehr Chlor einzusetzen\u00bb, erkl\u00e4rt Ueli Achermann, Gesch\u00e4ftsinhaber der Vita Bad AG. Der Kostenaufwand einer Salzanlage ist identisch mit der Chlorl\u00f6sung, der Unterhalt jedoch einiges geringer.<\/p>\n\n\n\n<div class=\"wp-block-media-text alignwide is-stacked-on-mobile\"><figure class=\"wp-block-media-text__media\" data-no-zoom=\"true\"><img loading=\"lazy\" decoding=\"async\" width=\"737\" height=\"390\" src=\"https:\/\/www.vitabad.ch\/wp-content\/uploads\/2023\/02\/wasseraufbereitung_01.jpg\" alt=\"\" class=\"wp-image-1117 size-full\" srcset=\"https:\/\/www.vitabad.ch\/wp-content\/uploads\/2023\/02\/wasseraufbereitung_01.jpg 737w, https:\/\/www.vitabad.ch\/wp-content\/uploads\/2023\/02\/wasseraufbereitung_01-300x159.jpg 300w, https:\/\/www.vitabad.ch\/wp-content\/uploads\/2023\/02\/wasseraufbereitung_01-150x79.jpg 150w, https:\/\/www.vitabad.ch\/wp-content\/uploads\/2023\/02\/wasseraufbereitung_01-600x318.jpg 600w\" sizes=\"auto, (max-width: 737px) 100vw, 737px\" \/><\/figure><div class=\"wp-block-media-text__content\">\n<p>Das Schwimmerlebnis ist f\u00fcr viele Vita Bad-Kundeninnen und Kunden immer wieder verbl\u00fcffend. Das Wasser f\u00fchle sich weicher, angenehmer an und sie br\u00e4uchten anschliessend keine Bodylotion mehr. Die Haut sei generell ges\u00fcnder. Das Problem roter Augen beim Baden verschwinde fast ganz.<\/p>\n<\/div><\/div>\n\n\n\n<h2 class=\"wp-block-heading\">Geringe Salzkonzentration<\/h2>\n\n\n\n<p>Der Grund daf\u00fcr liegt in der geringen Salzkonzentration bei der Hydrolyse. <\/p>\n\n\n\n<p>Zum Vergleich: im Mittelmeer gibt es 3.8 % Salzanteil, unsere Tr\u00e4nenfl\u00fcssigkeit enth\u00e4lt 0.9 % und das Poolwasser mit einer Salzanlage verf\u00fcgt lediglich \u00fcber maximal 0.06 %. \u00abDas nimmt man kaum mehr wahr,\u00bb so Ueli Achermann, \u00abdeshalb verbauen wir fast ausschliesslich nur noch vollautomatische Wasseraufbereitungsanlagen auf Salzbasis. Das System ist mittlerweile weiterentwickelt worden, sodass es sich mittels App steuern l\u00e4sst.\u00bb<\/p>\n\n\n\n<div class=\"wp-block-media-text alignwide has-media-on-the-right is-stacked-on-mobile\"><div class=\"wp-block-media-text__content\">\n<h2 class=\"wp-block-heading\">Wasserwerte k\u00f6nnen \u00fcberwacht werden<\/h2>\n\n\n\n<p>Das hat den Vorteil, dass die Vita Bad ebenfalls Zugriff auf die VitaPool Control &#8211; Steuerung hat und die Wasserwerte im Pool so \u00fcberwachen kann. \u00abWir k\u00f6nnen Kontakt mit den Kunden aufnehmen, wenn wir sehen, dass ein Wert nicht korrekt ist.\u00bb<\/p>\n\n\n\n<p>Verwendet wird entweder Regeneriersalz, welches viele von heimischen Entkalkungsanlagen kennen oder Meersalz. Gegen\u00fcber einer Chloranlage spart man rund 1000 Franken pro Jahr im Unterhalt.<\/p>\n<\/div><figure class=\"wp-block-media-text__media\" data-no-zoom=\"true\"><img loading=\"lazy\" decoding=\"async\" width=\"737\" height=\"390\" src=\"https:\/\/www.vitabad.ch\/wp-content\/uploads\/2023\/02\/wasseraufbereitung_02.jpg\" alt=\"\" class=\"wp-image-1118 size-full\" srcset=\"https:\/\/www.vitabad.ch\/wp-content\/uploads\/2023\/02\/wasseraufbereitung_02.jpg 737w, https:\/\/www.vitabad.ch\/wp-content\/uploads\/2023\/02\/wasseraufbereitung_02-300x159.jpg 300w, https:\/\/www.vitabad.ch\/wp-content\/uploads\/2023\/02\/wasseraufbereitung_02-150x79.jpg 150w, https:\/\/www.vitabad.ch\/wp-content\/uploads\/2023\/02\/wasseraufbereitung_02-600x318.jpg 600w\" sizes=\"auto, (max-width: 737px) 100vw, 737px\" \/><\/figure><\/div>\n\n\n\n<div class=\"wp-block-group has-primary-light-background-color has-background is-layout-constrained wp-block-group-is-layout-constrained\">\n<h2 class=\"has-text-align-center wp-block-heading\">Fazit<\/h2>\n\n\n\n<p class=\"has-text-align-center\">Salzanlagen kosten gleich viel wie Chloranlagen, sind aber viel g\u00fcnstiger im Unterhalt und bieten eine einfache, chemiefreie und damit nat\u00fcrliche L\u00f6sung f\u00fcr private Pools.<\/p>\n\n\n\n<p class=\"has-text-align-center\">Vorteile sowohl f\u00fcr den Geldbeutel, die Umwelt, die eigene Gesundheit und f\u00fcr ein angenehmes Badegef\u00fchl. Viele gute Gr\u00fcnde f\u00fcr Poolbesitzer auf das nat\u00fcrliche Salz zu setzen.<\/p>\n<\/div>\n\n\n\n<h2 class=\"wp-block-heading\">Unsere Produkte verhelfen zu einer guten Wasserqualit\u00e4t<\/h2>\n\n\n<div data-block-name=\"woocommerce\/handpicked-products\" data-products=\"[491,405,398]\" class=\"wc-block-grid wp-block-handpicked-products wp-block-woocommerce-handpicked-products wc-block-handpicked-products has-3-columns has-multiple-rows\"><ul class=\"wc-block-grid__products\"><li class=\"has-post-content product type-product post-491 status-publish first instock product_cat-reinigung product_cat-reinigungsgeraete has-post-thumbnail taxable shipping-taxable purchasable product-type-simple\">\n\t<a href=\"https:\/\/www.vitabad.ch\/en\/shop\/p\/dolphin-m-600\/\" data-thumbnail=\"https:\/\/www.vitabad.ch\/wp-content\/uploads\/2023\/01\/dolphin-m600-gyro.png\" class=\"woocommerce-LoopProduct-link woocommerce-loop-product__link\"><img loading=\"lazy\" decoding=\"async\" width=\"300\" height=\"300\" src=\"https:\/\/www.vitabad.ch\/wp-content\/uploads\/2023\/01\/dolphin-m600-gyro-300x300.png\" class=\"attachment-woocommerce_thumbnail size-woocommerce_thumbnail\" alt=\"Dolphin M 600\" srcset=\"https:\/\/www.vitabad.ch\/wp-content\/uploads\/2023\/01\/dolphin-m600-gyro-300x300.png 300w, https:\/\/www.vitabad.ch\/wp-content\/uploads\/2023\/01\/dolphin-m600-gyro-150x150.png 150w, https:\/\/www.vitabad.ch\/wp-content\/uploads\/2023\/01\/dolphin-m600-gyro-600x600.png 600w, https:\/\/www.vitabad.ch\/wp-content\/uploads\/2023\/01\/dolphin-m600-gyro-100x100.png 100w, https:\/\/www.vitabad.ch\/wp-content\/uploads\/2023\/01\/dolphin-m600-gyro.png 690w\" sizes=\"auto, (max-width: 300px) 100vw, 300px\" \/><h2 class=\"woocommerce-loop-product__title\">Dolphin M 600<\/h2><div class=\"woocommerce-product-details__short-description\">\n\t<p>Herausragende Schwimmbadreinigung so einfach wie noch nie.<\/p>\n<\/div>\n<\/a><div class=\"woocommerce-loop-product__actions\">\n\t<span class=\"price\"><span class=\"woocommerce-Price-amount amount\"><bdi><span class=\"woocommerce-Price-currencySymbol\">&#67;&#72;&#70;<\/span>&nbsp;2&#8217;140.00<\/bdi><\/span><\/span>\n<a href=\"\/en\/wp-json\/wp\/v2\/pages\/1112?add-to-cart=491\" aria-describedby=\"woocommerce_loop_add_to_cart_link_describedby_491\" data-quantity=\"1\" class=\"button product_type_simple add_to_cart_button ajax_add_to_cart\" data-product_id=\"491\" data-product_sku=\"101022\" aria-label=\"Add to cart: &ldquo;Dolphin M 600&rdquo;\" rel=\"nofollow\" data-success_message=\"&ldquo;Dolphin M 600&rdquo; has been added to your cart\" role=\"button\">Add to cart<\/a>\t<span id=\"woocommerce_loop_add_to_cart_link_describedby_491\" class=\"screen-reader-text\">\n\t\t\t<\/span>\n<\/div><\/li>\n<li class=\"product type-product post-405 status-publish instock product_cat-laubkescher has-post-thumbnail taxable shipping-taxable purchasable product-type-simple\">\n\t<a href=\"https:\/\/www.vitabad.ch\/en\/shop\/p\/laubkescher\/\" data-thumbnail=\"https:\/\/www.vitabad.ch\/wp-content\/uploads\/2023\/01\/laubkescher-tief.jpg\" class=\"woocommerce-LoopProduct-link woocommerce-loop-product__link\"><img loading=\"lazy\" decoding=\"async\" width=\"300\" height=\"300\" src=\"https:\/\/www.vitabad.ch\/wp-content\/uploads\/2023\/01\/laubkescher-tief-300x300.jpg\" class=\"attachment-woocommerce_thumbnail size-woocommerce_thumbnail\" alt=\"Laubkescher\" srcset=\"https:\/\/www.vitabad.ch\/wp-content\/uploads\/2023\/01\/laubkescher-tief-300x300.jpg 300w, https:\/\/www.vitabad.ch\/wp-content\/uploads\/2023\/01\/laubkescher-tief-100x100.jpg 100w\" sizes=\"auto, (max-width: 300px) 100vw, 300px\" \/><h2 class=\"woocommerce-loop-product__title\">Laubkescher<\/h2><div class=\"woocommerce-product-details__short-description\">\n\t<p>Laubkescher tief, Praher Deluxe mit Kunststoffrahmen blau.<\/p>\n<\/div>\n<\/a><div class=\"woocommerce-loop-product__actions\">\n\t<span class=\"price\"><span class=\"woocommerce-Price-amount amount\"><bdi><span class=\"woocommerce-Price-currencySymbol\">&#67;&#72;&#70;<\/span>&nbsp;35.00<\/bdi><\/span><\/span>\n<a href=\"\/en\/wp-json\/wp\/v2\/pages\/1112?add-to-cart=405\" aria-describedby=\"woocommerce_loop_add_to_cart_link_describedby_405\" data-quantity=\"1\" class=\"button product_type_simple add_to_cart_button ajax_add_to_cart\" data-product_id=\"405\" data-product_sku=\"182025\" aria-label=\"Add to cart: &ldquo;Laubkescher&rdquo;\" rel=\"nofollow\" data-success_message=\"&ldquo;Laubkescher&rdquo; has been added to your cart\" role=\"button\">Add to cart<\/a>\t<span id=\"woocommerce_loop_add_to_cart_link_describedby_405\" class=\"screen-reader-text\">\n\t\t\t<\/span>\n<\/div><\/li>\n<li class=\"product type-product post-398 status-publish instock product_cat-reinigung has-post-thumbnail taxable shipping-taxable purchasable product-type-simple\">\n\t<a href=\"https:\/\/www.vitabad.ch\/en\/shop\/p\/reinigungsschwamm\/\" data-thumbnail=\"https:\/\/www.vitabad.ch\/wp-content\/uploads\/2023\/01\/reinigungsschwamm-1024x1024.jpg\" class=\"woocommerce-LoopProduct-link woocommerce-loop-product__link\"><img loading=\"lazy\" decoding=\"async\" width=\"300\" height=\"300\" src=\"https:\/\/www.vitabad.ch\/wp-content\/uploads\/2023\/01\/reinigungsschwamm-300x300.jpg\" class=\"attachment-woocommerce_thumbnail size-woocommerce_thumbnail\" alt=\"Reinigungsschwamm\" srcset=\"https:\/\/www.vitabad.ch\/wp-content\/uploads\/2023\/01\/reinigungsschwamm-300x300.jpg 300w, https:\/\/www.vitabad.ch\/wp-content\/uploads\/2023\/01\/reinigungsschwamm-1024x1024.jpg 1024w, https:\/\/www.vitabad.ch\/wp-content\/uploads\/2023\/01\/reinigungsschwamm-150x150.jpg 150w, https:\/\/www.vitabad.ch\/wp-content\/uploads\/2023\/01\/reinigungsschwamm-768x768.jpg 768w, https:\/\/www.vitabad.ch\/wp-content\/uploads\/2023\/01\/reinigungsschwamm-1536x1536.jpg 1536w, https:\/\/www.vitabad.ch\/wp-content\/uploads\/2023\/01\/reinigungsschwamm-600x600.jpg 600w, https:\/\/www.vitabad.ch\/wp-content\/uploads\/2023\/01\/reinigungsschwamm-100x100.jpg 100w, https:\/\/www.vitabad.ch\/wp-content\/uploads\/2023\/01\/reinigungsschwamm.jpg 2000w\" sizes=\"auto, (max-width: 300px) 100vw, 300px\" \/><h2 class=\"woocommerce-loop-product__title\">Reinigungsschwamm<\/h2><div class=\"woocommerce-product-details__short-description\">\n\t<p>Reinigungsschwamm f\u00fcr die Wasserlinie<\/p>\n<\/div>\n<\/a><div class=\"woocommerce-loop-product__actions\">\n\t<span class=\"price\"><span class=\"woocommerce-Price-amount amount\"><bdi><span class=\"woocommerce-Price-currencySymbol\">&#67;&#72;&#70;<\/span>&nbsp;10.00<\/bdi><\/span><\/span>\n<a href=\"\/en\/wp-json\/wp\/v2\/pages\/1112?add-to-cart=398\" aria-describedby=\"woocommerce_loop_add_to_cart_link_describedby_398\" data-quantity=\"1\" class=\"button product_type_simple add_to_cart_button ajax_add_to_cart\" data-product_id=\"398\" data-product_sku=\"061096\" aria-label=\"Add to cart: &ldquo;Reinigungsschwamm&rdquo;\" rel=\"nofollow\" data-success_message=\"&ldquo;Reinigungsschwamm&rdquo; has been added to your cart\" role=\"button\">Add to cart<\/a>\t<span id=\"woocommerce_loop_add_to_cart_link_describedby_398\" class=\"screen-reader-text\">\n\t\t\t<\/span>\n<\/div><\/li>\n<\/ul><\/div>","protected":false},"excerpt":{"rendered":"<p>VitaPool Control Diese vollautomatische Poolsteuerung l\u00e4sst Ihren Pool nicht aus den Augen. Sie k\u00f6nnen Ihre Poolwasserwerte bequem per App kontrollieren. Rund-um-die-Uhr Monitoring Diese innovative Form des Monitorings hat die Poolpflege grundlegend ver\u00e4ndert und bietet Poolbesitzern die Freiheit, die Qualit\u00e4t ihres Poolwassers von \u00fcberall und zu jeder Zeit zu \u00fcberwachen. Die Steuerungen lassen sich an das [&hellip;]<\/p>\n","protected":false},"author":1,"featured_media":0,"parent":71,"menu_order":0,"comment_status":"closed","ping_status":"closed","template":"","meta":{"footnotes":""},"class_list":["post-1112","page","type-page","status-publish","hentry","has-post-content"],"acf":[],"_links":{"self":[{"href":"https:\/\/www.vitabad.ch\/en\/wp-json\/wp\/v2\/pages\/1112","targetHints":{"allow":["GET"]}}],"collection":[{"href":"https:\/\/www.vitabad.ch\/en\/wp-json\/wp\/v2\/pages"}],"about":[{"href":"https:\/\/www.vitabad.ch\/en\/wp-json\/wp\/v2\/types\/page"}],"author":[{"embeddable":true,"href":"https:\/\/www.vitabad.ch\/en\/wp-json\/wp\/v2\/users\/1"}],"replies":[{"embeddable":true,"href":"https:\/\/www.vitabad.ch\/en\/wp-json\/wp\/v2\/comments?post=1112"}],"version-history":[{"count":3,"href":"https:\/\/www.vitabad.ch\/en\/wp-json\/wp\/v2\/pages\/1112\/revisions"}],"predecessor-version":[{"id":3745,"href":"https:\/\/www.vitabad.ch\/en\/wp-json\/wp\/v2\/pages\/1112\/revisions\/3745"}],"up":[{"embeddable":true,"href":"https:\/\/www.vitabad.ch\/en\/wp-json\/wp\/v2\/pages\/71"}],"wp:attachment":[{"href":"https:\/\/www.vitabad.ch\/en\/wp-json\/wp\/v2\/media?parent=1112"}],"curies":[{"name":"wp","href":"https:\/\/api.w.org\/{rel}","templated":true}]}}