{"id":143,"date":"2022-12-07T15:47:43","date_gmt":"2022-12-07T14:47:43","guid":{"rendered":"https:\/\/vitabad.dev.hayloft-it.ch\/?page_id=143"},"modified":"2023-09-28T07:01:19","modified_gmt":"2023-09-28T05:01:19","slug":"imprint","status":"publish","type":"page","link":"https:\/\/www.vitabad.ch\/en\/impressum\/","title":{"rendered":"Imprint"},"content":{"rendered":"<h1 class=\"wp-block-heading\">Imprint<\/h1>\n\n\n\n<p class=\"has-normal-font-size\">Vita Bad AG<br>Tampi plate 2<br>6294 Ermensee<br>Switzerland<\/p>\n\n\n\n<p>Phone +41 41 917 50 50<br><a href=\"mailto:info@vitabad.ch\">info@vitabad.ch<\/a><\/p>\n\n\n\n<h2 class=\"wp-block-heading\">Commercial register entry<\/h2>\n\n\n\n<p>Registered company name: <br><strong>Vita Bad AG<\/strong><\/p>\n\n\n\n<p>Company number (UID): <br><strong>CHE-108.050.410<\/strong><\/p>\n\n\n\n<p>VAT number<br><strong>CHE-108.050.410<br><\/strong><br><\/p>\n\n\n\n<h2 class=\"wp-block-heading\">Disclaimer<\/h2>\n\n\n\n<p>The author accepts no liability whatsoever with regard to the correctness, accuracy, up-to-dateness, reliability and completeness of the information.<\/p>\n\n\n\n<p>Liability claims against the author for damages of a material or immaterial nature arising from access to or use or non-use of the published information, misuse of the connection or technical faults are excluded.<\/p>\n\n\n\n<p>All offers are non-binding. The author expressly reserves the right to change, supplement or delete parts of the pages or the entire offer without special notice or to cease publication temporarily or permanently.<\/p>\n\n\n\n<h2 class=\"wp-block-heading\">Disclaimer for links<\/h2>\n\n\n\n<p>References and links to third-party websites are outside our area of responsibility. Any responsibility for such websites is rejected. Access to and use of such websites is at the user's own risk.<\/p>\n\n\n\n<h2 class=\"wp-block-heading\">Copyrights<\/h2>\n\n\n\n<p>The copyright and all other rights to content, images, photos or other files on this website belong exclusively to&nbsp;<strong>of the company Vita Bad AG<\/strong>&nbsp;or the specifically named copyright holders. The written consent of the copyright holder must be obtained in advance for the reproduction of any elements.<\/p>\n\n\n\n<p>Source:&nbsp;<a rel=\"noreferrer noopener\" href=\"https:\/\/www.swissanwalt.ch\/\" target=\"_blank\">SwissAttorney<\/a><\/p>","protected":false},"excerpt":{"rendered":"<p>Impressum Vita Bad AGTampiteller 26294 ErmenseeSchweiz Telefon +41 41 917 50 50info@vitabad.ch Handelsregister-Eintrag Eingetragener Firmenname: Vita Bad AG Unternehmens-Nr (UID): CHE-108.050.410 Mehrwertsteuer-NummerCHE-108.050.410 Haftungsausschluss Der Autor \u00fcbernimmt keinerlei Gew\u00e4hr hinsichtlich der inhaltlichen Richtigkeit, Genauigkeit, Aktualit\u00e4t, Zuverl\u00e4ssigkeit und Vollst\u00e4ndigkeit der Informationen. Haftungsanspr\u00fcche gegen den Autor wegen Sch\u00e4den materieller oder immaterieller Art, welche aus dem Zugriff oder der [&hellip;]<\/p>\n","protected":false},"author":1,"featured_media":0,"parent":0,"menu_order":0,"comment_status":"closed","ping_status":"closed","template":"","meta":{"footnotes":""},"class_list":["post-143","page","type-page","status-publish","hentry","has-post-content"],"acf":[],"_links":{"self":[{"href":"https:\/\/www.vitabad.ch\/en\/wp-json\/wp\/v2\/pages\/143","targetHints":{"allow":["GET"]}}],"collection":[{"href":"https:\/\/www.vitabad.ch\/en\/wp-json\/wp\/v2\/pages"}],"about":[{"href":"https:\/\/www.vitabad.ch\/en\/wp-json\/wp\/v2\/types\/page"}],"author":[{"embeddable":true,"href":"https:\/\/www.vitabad.ch\/en\/wp-json\/wp\/v2\/users\/1"}],"replies":[{"embeddable":true,"href":"https:\/\/www.vitabad.ch\/en\/wp-json\/wp\/v2\/comments?post=143"}],"version-history":[{"count":4,"href":"https:\/\/www.vitabad.ch\/en\/wp-json\/wp\/v2\/pages\/143\/revisions"}],"predecessor-version":[{"id":3288,"href":"https:\/\/www.vitabad.ch\/en\/wp-json\/wp\/v2\/pages\/143\/revisions\/3288"}],"wp:attachment":[{"href":"https:\/\/www.vitabad.ch\/en\/wp-json\/wp\/v2\/media?parent=143"}],"curies":[{"name":"wp","href":"https:\/\/api.w.org\/{rel}","templated":true}]}}