{"id":3469,"date":"2023-12-12T08:35:00","date_gmt":"2023-12-12T07:35:00","guid":{"rendered":"https:\/\/www.vitabad.ch\/?page_id=3469"},"modified":"2023-12-12T08:43:33","modified_gmt":"2023-12-12T07:43:33","slug":"building-a-reef","status":"publish","type":"page","link":"https:\/\/www.vitabad.ch\/en\/ueber-vita-bad\/building-a-reef\/","title":{"rendered":"Building a Reef"},"content":{"rendered":"<div class=\"wp-block-group alignfull left-shifted-header-with-image has-primary-light-background-color has-background is-content-justification-left is-layout-constrained wp-container-core-group-is-layout-8c890d92 wp-block-group-is-layout-constrained\">\n<div class=\"wp-block-columns alignwide is-layout-flex wp-container-core-columns-is-layout-9d6595d7 wp-block-columns-is-layout-flex\">\n<div class=\"wp-block-column is-layout-flow wp-block-column-is-layout-flow\" style=\"flex-basis:50%\">\n<h1 class=\"wp-block-heading\">Building a Reef - sustainability in practice<\/h1>\n\n\n\n<p>In our ongoing efforts to protect the environment and act responsibly, we are delighted to be working with our long-standing supplier and business partner <a href=\"https:\/\/www.aquasolar.ch\/de\/\" data-type=\"URL\" data-id=\"https:\/\/www.aquasolar.ch\/de\/\">Aqua Solar<\/a> to present a new, pioneering sponsorship project.<\/p>\n\n\n\n<p>Our partnership with the innovative start-up company <strong><em><a href=\"https:\/\/www.rrreefs.com\/\" data-type=\"URL\" data-id=\"https:\/\/www.rrreefs.com\/\">rrreefs<\/a><\/em><\/strong> goes far beyond conventional corporate partnerships. Together, we are committed to revitalizing coastal coral reefs and making a positive contribution to our environment. <\/p>\n<\/div>\n\n\n\n<div class=\"wp-block-column is-layout-flow wp-block-column-is-layout-flow\" style=\"flex-basis:50%\">\n<figure data-no-zoom=\"true\" class=\"wp-block-image size-large\"><img loading=\"lazy\" decoding=\"async\" width=\"1024\" height=\"658\" src=\"https:\/\/www.vitabad.ch\/wp-content\/uploads\/2023\/12\/\u00a9rrreefs_PujadaBay_horizontal-1024x658.jpg\" alt=\"\" class=\"wp-image-3462\" srcset=\"\" sizes=\"auto, (max-width: 1024px) 100vw, 1024px\" data-srcset=\"\" \/><\/figure>\n<\/div>\n<\/div>\n<\/div>\n\n\n\n<div class=\"wp-block-columns alignwide is-layout-flex wp-container-core-columns-is-layout-9d6595d7 wp-block-columns-is-layout-flex\">\n<div class=\"wp-block-column is-layout-flow wp-block-column-is-layout-flow\">\n<figure class=\"wp-block-gallery has-nested-images columns-3 is-cropped wp-block-gallery-1 is-layout-flex wp-block-gallery-is-layout-flex\">\n<figure data-no-zoom=\"true\" class=\"wp-block-image size-large\"><img loading=\"lazy\" decoding=\"async\" width=\"1024\" height=\"768\" data-id=\"3466\" src=\"https:\/\/www.vitabad.ch\/wp-content\/uploads\/2023\/12\/\u00a9rrreefs_PujadaBay_Hanna_SiteAssessment-1024x768.jpeg\" alt=\"\" class=\"wp-image-3466\" srcset=\"https:\/\/www.vitabad.ch\/wp-content\/uploads\/2023\/12\/\u00a9rrreefs_PujadaBay_Hanna_SiteAssessment-1024x768.jpeg 1024w, https:\/\/www.vitabad.ch\/wp-content\/uploads\/2023\/12\/\u00a9rrreefs_PujadaBay_Hanna_SiteAssessment-300x225.jpeg 300w, https:\/\/www.vitabad.ch\/wp-content\/uploads\/2023\/12\/\u00a9rrreefs_PujadaBay_Hanna_SiteAssessment-150x113.jpeg 150w, https:\/\/www.vitabad.ch\/wp-content\/uploads\/2023\/12\/\u00a9rrreefs_PujadaBay_Hanna_SiteAssessment-768x576.jpeg 768w, https:\/\/www.vitabad.ch\/wp-content\/uploads\/2023\/12\/\u00a9rrreefs_PujadaBay_Hanna_SiteAssessment-1536x1152.jpeg 1536w, https:\/\/www.vitabad.ch\/wp-content\/uploads\/2023\/12\/\u00a9rrreefs_PujadaBay_Hanna_SiteAssessment-600x450.jpeg 600w, https:\/\/www.vitabad.ch\/wp-content\/uploads\/2023\/12\/\u00a9rrreefs_PujadaBay_Hanna_SiteAssessment.jpeg 2048w\" sizes=\"auto, (max-width: 1024px) 100vw, 1024px\" \/><\/figure>\n\n\n\n<figure data-no-zoom=\"true\" class=\"wp-block-image size-large\"><img loading=\"lazy\" decoding=\"async\" width=\"1024\" height=\"658\" data-id=\"3461\" src=\"https:\/\/www.vitabad.ch\/wp-content\/uploads\/2023\/12\/\u00a9rrreefs_PujadaBay_horizontal1-1024x658.jpg\" alt=\"\" class=\"wp-image-3461\" srcset=\"https:\/\/www.vitabad.ch\/wp-content\/uploads\/2023\/12\/\u00a9rrreefs_PujadaBay_horizontal1-1024x658.jpg 1024w, https:\/\/www.vitabad.ch\/wp-content\/uploads\/2023\/12\/\u00a9rrreefs_PujadaBay_horizontal1-300x193.jpg 300w, https:\/\/www.vitabad.ch\/wp-content\/uploads\/2023\/12\/\u00a9rrreefs_PujadaBay_horizontal1-150x96.jpg 150w, https:\/\/www.vitabad.ch\/wp-content\/uploads\/2023\/12\/\u00a9rrreefs_PujadaBay_horizontal1-768x494.jpg 768w, https:\/\/www.vitabad.ch\/wp-content\/uploads\/2023\/12\/\u00a9rrreefs_PujadaBay_horizontal1-1536x988.jpg 1536w, https:\/\/www.vitabad.ch\/wp-content\/uploads\/2023\/12\/\u00a9rrreefs_PujadaBay_horizontal1-2048x1317.jpg 2048w, https:\/\/www.vitabad.ch\/wp-content\/uploads\/2023\/12\/\u00a9rrreefs_PujadaBay_horizontal1-600x386.jpg 600w\" sizes=\"auto, (max-width: 1024px) 100vw, 1024px\" \/><\/figure>\n\n\n\n<figure data-no-zoom=\"true\" class=\"wp-block-image size-large\"><img loading=\"lazy\" decoding=\"async\" width=\"1024\" height=\"658\" data-id=\"3464\" src=\"https:\/\/www.vitabad.ch\/wp-content\/uploads\/2023\/12\/\u00a9rrreefs_pujada-bay_above-1024x658.jpg\" alt=\"\" class=\"wp-image-3464\" srcset=\"https:\/\/www.vitabad.ch\/wp-content\/uploads\/2023\/12\/\u00a9rrreefs_pujada-bay_above-1024x658.jpg 1024w, https:\/\/www.vitabad.ch\/wp-content\/uploads\/2023\/12\/\u00a9rrreefs_pujada-bay_above-300x193.jpg 300w, https:\/\/www.vitabad.ch\/wp-content\/uploads\/2023\/12\/\u00a9rrreefs_pujada-bay_above-150x96.jpg 150w, https:\/\/www.vitabad.ch\/wp-content\/uploads\/2023\/12\/\u00a9rrreefs_pujada-bay_above-768x494.jpg 768w, https:\/\/www.vitabad.ch\/wp-content\/uploads\/2023\/12\/\u00a9rrreefs_pujada-bay_above-1536x988.jpg 1536w, https:\/\/www.vitabad.ch\/wp-content\/uploads\/2023\/12\/\u00a9rrreefs_pujada-bay_above-2048x1317.jpg 2048w, https:\/\/www.vitabad.ch\/wp-content\/uploads\/2023\/12\/\u00a9rrreefs_pujada-bay_above-600x386.jpg 600w\" sizes=\"auto, (max-width: 1024px) 100vw, 1024px\" \/><\/figure>\n\n\n\n<figure data-no-zoom=\"true\" class=\"wp-block-image size-large\"><img loading=\"lazy\" decoding=\"async\" width=\"1024\" height=\"1024\" data-id=\"3463\" src=\"https:\/\/www.vitabad.ch\/wp-content\/uploads\/2023\/12\/rrreefs-x-vitabad-x-AquaSolar-1024x1024.png\" alt=\"\" class=\"wp-image-3463\" srcset=\"https:\/\/www.vitabad.ch\/wp-content\/uploads\/2023\/12\/rrreefs-x-vitabad-x-AquaSolar-1024x1024.png 1024w, https:\/\/www.vitabad.ch\/wp-content\/uploads\/2023\/12\/rrreefs-x-vitabad-x-AquaSolar-300x300.png 300w, https:\/\/www.vitabad.ch\/wp-content\/uploads\/2023\/12\/rrreefs-x-vitabad-x-AquaSolar-150x150.png 150w, https:\/\/www.vitabad.ch\/wp-content\/uploads\/2023\/12\/rrreefs-x-vitabad-x-AquaSolar-768x768.png 768w, https:\/\/www.vitabad.ch\/wp-content\/uploads\/2023\/12\/rrreefs-x-vitabad-x-AquaSolar-1536x1536.png 1536w, https:\/\/www.vitabad.ch\/wp-content\/uploads\/2023\/12\/rrreefs-x-vitabad-x-AquaSolar-2048x2048.png 2048w, https:\/\/www.vitabad.ch\/wp-content\/uploads\/2023\/12\/rrreefs-x-vitabad-x-AquaSolar-600x600.png 600w, https:\/\/www.vitabad.ch\/wp-content\/uploads\/2023\/12\/rrreefs-x-vitabad-x-AquaSolar-100x100.png 100w\" sizes=\"auto, (max-width: 1024px) 100vw, 1024px\" \/><\/figure>\n<\/figure>\n<\/div>\n\n\n\n<div class=\"wp-block-column is-vertically-aligned-center is-layout-flow wp-block-column-is-layout-flow\">\n<h2 class=\"wp-block-heading\">Your mission - our support<\/h2>\n\n\n\n<p>At the heart of this pioneering project is rrreefs' ambitious plan to revive coastal coral reefs. This innovative start-up has set itself the task of combating the effects of climate change on these valuable ecosystems. By using advanced and environmentally friendly technologies, rrreefs strives not only to minimize damage, but to actively contribute to the regeneration of these threatened reefs. The website of<a href=\"https:\/\/www.rrreefs.com\/\" data-type=\"URL\" data-id=\"https:\/\/www.rrreefs.com\/\" target=\"_blank\" rel=\"noreferrer noopener\"> rrreefs.com<\/a> provides in-depth insights into their mission, their technologies and the current status of their projects.<\/p>\n\n\n\n<p>Vita Bad and Aqua Solar have decided to actively support this pioneering company. As long-standing companions, we share not only business but also ecological values. Our financial support is intended to help realize rrreefs' ambitious goals. We are confident that positive change is possible through committed action and innovative solutions. Follow the progress of this exciting project with us. <\/p>\n\n\n\n<p>At Vita Bad, we have been focusing on environmentally friendly technologies for years and are currently testing a new type of water treatment system that can be operated completely chemical-free. In this way, we want to make a contribution to conserving our resources and protecting our environment. We are also proud to point out that an efficient photovoltaic system has been installed on our roof for 9 years. This enables us to avoid several tons of CO2 emissions every year and thus actively contribute to climate protection. <\/p>\n\n\n\n<p>We are firmly convinced that sustainable action is not just an obligation, but the most effective key to a positive future for us all.<\/p>\n<\/div>\n<\/div>\n\n\n\n<h2 class=\"wp-block-heading\">Contributions on the topic of sponsoring<\/h2>\n\n\n<div class=\"alignwide wp-block-vitabad-posts\">\n            <a href=\"https:\/\/www.vitabad.ch\/en\/aktuelles\/vita-bad-ag\/neuer-imagefilm-mit-marco-odermatt\/\" data-thumbnail=\"https:\/\/www.vitabad.ch\/wp-content\/uploads\/2025\/12\/Imagefilm-Thumbnail-1024x576.jpg\" class=\"teaser post-5164 post type-post status-publish format-standard has-post-thumbnail hentry category-sponsoring category-vita-bad-ag has-post-content\">\n    <div class=\"image-wrapper\">\n        <img loading=\"lazy\" decoding=\"async\" width=\"2560\" height=\"1440\" src=\"https:\/\/www.vitabad.ch\/wp-content\/uploads\/2025\/12\/Imagefilm-Thumbnail-scaled.jpg\" class=\"attachment-full size-full wp-post-image\" alt=\"\" srcset=\"https:\/\/www.vitabad.ch\/wp-content\/uploads\/2025\/12\/Imagefilm-Thumbnail-scaled.jpg 2560w, https:\/\/www.vitabad.ch\/wp-content\/uploads\/2025\/12\/Imagefilm-Thumbnail-300x169.jpg 300w, https:\/\/www.vitabad.ch\/wp-content\/uploads\/2025\/12\/Imagefilm-Thumbnail-1024x576.jpg 1024w, https:\/\/www.vitabad.ch\/wp-content\/uploads\/2025\/12\/Imagefilm-Thumbnail-150x84.jpg 150w, https:\/\/www.vitabad.ch\/wp-content\/uploads\/2025\/12\/Imagefilm-Thumbnail-768x432.jpg 768w, https:\/\/www.vitabad.ch\/wp-content\/uploads\/2025\/12\/Imagefilm-Thumbnail-1536x864.jpg 1536w, https:\/\/www.vitabad.ch\/wp-content\/uploads\/2025\/12\/Imagefilm-Thumbnail-2048x1152.jpg 2048w, https:\/\/www.vitabad.ch\/wp-content\/uploads\/2025\/12\/Imagefilm-Thumbnail-600x338.jpg 600w\" sizes=\"auto, (max-width: 2560px) 100vw, 2560px\" \/>    <\/div>\n    <div class=\"data-wrapper\">\n        <span class=\"category\">Sponsoring and Vita Bad AG<\/span>\n        <h3>New image film with Marco Odermatt<\/h3>\n        <p class=\"excerpt\">Making-of our new Vita Bad image film - with a special appearance by Marco Odermatt.<\/p>\n                    <span class=\"wp-element-button wp-block-button__link\">read more<\/span>\n            <\/div>\n<\/a>\n            <a href=\"https:\/\/www.vitabad.ch\/en\/aktuelles\/vita-bad-ag\/marco-odermatt-sportler-des-jahres-2024\/\" data-thumbnail=\"https:\/\/www.vitabad.ch\/wp-content\/uploads\/2025\/01\/m0XvBNcA-1024x683.jpeg\" class=\"teaser post-4614 post type-post status-publish format-standard has-post-thumbnail hentry category-awards category-sponsoring category-vita-bad-ag has-post-content\">\n    <div class=\"image-wrapper\">\n        <img loading=\"lazy\" decoding=\"async\" width=\"2560\" height=\"1708\" src=\"https:\/\/www.vitabad.ch\/wp-content\/uploads\/2025\/01\/m0XvBNcA-scaled.jpeg\" class=\"attachment-full size-full wp-post-image\" alt=\"\" srcset=\"https:\/\/www.vitabad.ch\/wp-content\/uploads\/2025\/01\/m0XvBNcA-scaled.jpeg 2560w, https:\/\/www.vitabad.ch\/wp-content\/uploads\/2025\/01\/m0XvBNcA-300x200.jpeg 300w, https:\/\/www.vitabad.ch\/wp-content\/uploads\/2025\/01\/m0XvBNcA-1024x683.jpeg 1024w, https:\/\/www.vitabad.ch\/wp-content\/uploads\/2025\/01\/m0XvBNcA-150x100.jpeg 150w, https:\/\/www.vitabad.ch\/wp-content\/uploads\/2025\/01\/m0XvBNcA-768x512.jpeg 768w, https:\/\/www.vitabad.ch\/wp-content\/uploads\/2025\/01\/m0XvBNcA-1536x1025.jpeg 1536w, https:\/\/www.vitabad.ch\/wp-content\/uploads\/2025\/01\/m0XvBNcA-2048x1366.jpeg 2048w, https:\/\/www.vitabad.ch\/wp-content\/uploads\/2025\/01\/m0XvBNcA-600x400.jpeg 600w\" sizes=\"auto, (max-width: 2560px) 100vw, 2560px\" \/>    <\/div>\n    <div class=\"data-wrapper\">\n        <span class=\"category\">Awards, Sponsorships, and Vita Bad AG<\/span>\n        <h3>Marco Odermatt - Sportsman of the Year 2024<\/h3>\n        <p class=\"excerpt\">Marco Odermatt is once again Sportsman of the Year! This is the fourth time in a row that he has received this honor. We are proud to support him as a sponsoring partner and congratulate him on this success.<\/p>\n                    <span class=\"wp-element-button wp-block-button__link\">read more<\/span>\n            <\/div>\n<\/a>\n            <a href=\"https:\/\/www.vitabad.ch\/en\/aktuelles\/vita-bad-ag\/gemeinsam-auf-kurs-pool-challenge-mit-sina-frei\/\" data-thumbnail=\"https:\/\/www.vitabad.ch\/wp-content\/uploads\/2024\/08\/045_8747-1024x683.jpg\" class=\"teaser post-4212 post type-post status-publish format-standard has-post-thumbnail hentry category-sponsoring category-vita-bad-ag has-post-content\">\n    <div class=\"image-wrapper\">\n        <img loading=\"lazy\" decoding=\"async\" width=\"2560\" height=\"1707\" src=\"https:\/\/www.vitabad.ch\/wp-content\/uploads\/2024\/08\/045_8747-scaled.jpg\" class=\"attachment-full size-full wp-post-image\" alt=\"\" srcset=\"https:\/\/www.vitabad.ch\/wp-content\/uploads\/2024\/08\/045_8747-scaled.jpg 2560w, https:\/\/www.vitabad.ch\/wp-content\/uploads\/2024\/08\/045_8747-300x200.jpg 300w, https:\/\/www.vitabad.ch\/wp-content\/uploads\/2024\/08\/045_8747-1024x683.jpg 1024w, https:\/\/www.vitabad.ch\/wp-content\/uploads\/2024\/08\/045_8747-150x100.jpg 150w, https:\/\/www.vitabad.ch\/wp-content\/uploads\/2024\/08\/045_8747-768x512.jpg 768w, https:\/\/www.vitabad.ch\/wp-content\/uploads\/2024\/08\/045_8747-1536x1024.jpg 1536w, https:\/\/www.vitabad.ch\/wp-content\/uploads\/2024\/08\/045_8747-2048x1366.jpg 2048w, https:\/\/www.vitabad.ch\/wp-content\/uploads\/2024\/08\/045_8747-600x400.jpg 600w\" sizes=\"auto, (max-width: 2560px) 100vw, 2560px\" \/>    <\/div>\n    <div class=\"data-wrapper\">\n        <span class=\"category\">Sponsoring and Vita Bad AG<\/span>\n        <h3>On course together: pool challenge with Sina Frei<\/h3>\n        <p class=\"excerpt\">Course with the cross-country cyclist through Switzerland's largest pool exhibition.\n<\/p>\n                    <span class=\"wp-element-button wp-block-button__link\">read more<\/span>\n            <\/div>\n<\/a>\n    <\/div>","protected":false},"excerpt":{"rendered":"<p>Building a Reef &#8211; gelebte Nachhaltigkeit In unserem fortw\u00e4hrenden Streben nach Umweltschutz und verantwortungsbewusstem Handeln freuen wir uns, gemeinsam mit unserem langj\u00e4hrigen Lieferanten und Gesch\u00e4ftspartner Aqua Solar ein neues, wegweisendes Sponsoring-Projekt vorzustellen. Unsere Partnerschaft mit dem innovativen Start-up-Unternehmen rrreefs geht weit \u00fcber herk\u00f6mmliche Unternehmenskooperationen hinaus. Gemeinsam setzen wir uns daf\u00fcr ein, k\u00fcstennahe Korallenriffe zu revitalisieren [&hellip;]<\/p>\n","protected":false},"author":3,"featured_media":0,"parent":69,"menu_order":0,"comment_status":"closed","ping_status":"closed","template":"","meta":{"footnotes":""},"class_list":["post-3469","page","type-page","status-publish","hentry","has-post-content"],"acf":[],"_links":{"self":[{"href":"https:\/\/www.vitabad.ch\/en\/wp-json\/wp\/v2\/pages\/3469","targetHints":{"allow":["GET"]}}],"collection":[{"href":"https:\/\/www.vitabad.ch\/en\/wp-json\/wp\/v2\/pages"}],"about":[{"href":"https:\/\/www.vitabad.ch\/en\/wp-json\/wp\/v2\/types\/page"}],"author":[{"embeddable":true,"href":"https:\/\/www.vitabad.ch\/en\/wp-json\/wp\/v2\/users\/3"}],"replies":[{"embeddable":true,"href":"https:\/\/www.vitabad.ch\/en\/wp-json\/wp\/v2\/comments?post=3469"}],"version-history":[{"count":16,"href":"https:\/\/www.vitabad.ch\/en\/wp-json\/wp\/v2\/pages\/3469\/revisions"}],"predecessor-version":[{"id":3497,"href":"https:\/\/www.vitabad.ch\/en\/wp-json\/wp\/v2\/pages\/3469\/revisions\/3497"}],"up":[{"embeddable":true,"href":"https:\/\/www.vitabad.ch\/en\/wp-json\/wp\/v2\/pages\/69"}],"wp:attachment":[{"href":"https:\/\/www.vitabad.ch\/en\/wp-json\/wp\/v2\/media?parent=3469"}],"curies":[{"name":"wp","href":"https:\/\/api.w.org\/{rel}","templated":true}]}}