{"id":69,"date":"2022-12-07T09:08:47","date_gmt":"2022-12-07T08:08:47","guid":{"rendered":"https:\/\/vitabad.dev.hayloft-it.ch\/?page_id=69"},"modified":"2025-02-10T11:00:10","modified_gmt":"2025-02-10T10:00:10","slug":"about-vita-bath","status":"publish","type":"page","link":"https:\/\/www.vitabad.ch\/en\/ueber-vita-bad\/","title":{"rendered":"About Vita Bad"},"content":{"rendered":"<h1 class=\"has-text-align-left wp-block-heading\">Your style. Your pool.<\/h1>\n\n\n\n<p>Individuality and Swiss quality have been a top priority at Vita Bad AG since 1983.<\/p>\n\n\n\n<p>We accompany you step by step from consultation to planning and realization. Right up to the moment when our installation professionals assemble your pool directly on site. At Vita Bad AG, we definitely won't throw you in at the deep end.<\/p>\n\n\n\n<p><\/p>\n\n\n<div class=\"alignwide wp-block-vitabad-teasers\">\n                <a href=\"https:\/\/www.vitabad.ch\/en\/about-vita-bath\/team\/\" target=\"\" class=\"teaser general has-post-content has-post-thumbnail\">\n    <div class=\"image-wrapper\">\n        <img loading=\"lazy\" decoding=\"async\" width=\"737\" height=\"390\" src=\"https:\/\/www.vitabad.ch\/wp-content\/uploads\/2023\/02\/teaser_team.jpg\" class=\"attachment-large size-large\" alt=\"\" srcset=\"https:\/\/www.vitabad.ch\/wp-content\/uploads\/2023\/02\/teaser_team.jpg 737w, https:\/\/www.vitabad.ch\/wp-content\/uploads\/2023\/02\/teaser_team-300x159.jpg 300w, https:\/\/www.vitabad.ch\/wp-content\/uploads\/2023\/02\/teaser_team-150x79.jpg 150w, https:\/\/www.vitabad.ch\/wp-content\/uploads\/2023\/02\/teaser_team-600x318.jpg 600w\" sizes=\"auto, (max-width: 737px) 100vw, 737px\" \/>    <\/div>\n    <div class=\"data-wrapper\">\n                <h3>Team<\/h3>\n                    <p class=\"excerpt\">Who is behind the Vita Bad AG team?<\/p>\n                            <footer>\n                <span class=\"wp-element-button wp-block-button__link\">learn more<\/span>\n            <\/footer>\n            <\/div>\n    <\/a>\n                <a href=\"https:\/\/www.vitabad.ch\/en\/about-vita-bath\/history\/\" target=\"\" class=\"teaser general has-post-content has-post-thumbnail\">\n    <div class=\"image-wrapper\">\n        <img loading=\"lazy\" decoding=\"async\" width=\"1024\" height=\"687\" src=\"https:\/\/www.vitabad.ch\/wp-content\/uploads\/2025\/02\/DSC_0003-1024x687.jpg\" class=\"attachment-large size-large\" alt=\"\" srcset=\"https:\/\/www.vitabad.ch\/wp-content\/uploads\/2025\/02\/DSC_0003-1024x687.jpg 1024w, https:\/\/www.vitabad.ch\/wp-content\/uploads\/2025\/02\/DSC_0003-300x201.jpg 300w, https:\/\/www.vitabad.ch\/wp-content\/uploads\/2025\/02\/DSC_0003-150x101.jpg 150w, https:\/\/www.vitabad.ch\/wp-content\/uploads\/2025\/02\/DSC_0003-768x516.jpg 768w, https:\/\/www.vitabad.ch\/wp-content\/uploads\/2025\/02\/DSC_0003-1536x1031.jpg 1536w, https:\/\/www.vitabad.ch\/wp-content\/uploads\/2025\/02\/DSC_0003-2048x1375.jpg 2048w, https:\/\/www.vitabad.ch\/wp-content\/uploads\/2025\/02\/DSC_0003-600x403.jpg 600w\" sizes=\"auto, (max-width: 1024px) 100vw, 1024px\" \/>    <\/div>\n    <div class=\"data-wrapper\">\n                <h3>History<\/h3>\n                    <p class=\"excerpt\">How did Vita Bad AG become what it is today?<\/p>\n                            <footer>\n                <span class=\"wp-element-button wp-block-button__link\">learn more<\/span>\n            <\/footer>\n            <\/div>\n    <\/a>\n                <a href=\"https:\/\/www.vitabad.ch\/en\/about-vita-bath\/jobs-at-vita-bad\/\" target=\"\" class=\"teaser general has-post-content\">\n    <div class=\"image-wrapper\">\n            <\/div>\n    <div class=\"data-wrapper\">\n                <h3>Jobs at Vita Bad<\/h3>\n                    <p class=\"excerpt\">Are you interested in being part of the Vita Bad AG family? Then apply now! We look forward to getting to know you.<\/p>\n                            <footer>\n                <span class=\"wp-element-button wp-block-button__link\">learn more<\/span>\n            <\/footer>\n            <\/div>\n    <\/a>\n                <a href=\"https:\/\/www.vitabad.ch\/en\/about-vita-bath\/testimonials\/\" target=\"\" class=\"teaser general has-post-content\">\n    <div class=\"image-wrapper\">\n            <\/div>\n    <div class=\"data-wrapper\">\n                <h3>Testimonials<\/h3>\n                    <p class=\"excerpt\">Life is too short to put off happiness until later. With this in mind, we are particularly pleased about the following recommendations.<\/p>\n                            <footer>\n                <span class=\"wp-element-button wp-block-button__link\">learn more<\/span>\n            <\/footer>\n            <\/div>\n    <\/a>\n                <a href=\"https:\/\/www.vitabad.ch\/en\/about-vita-bath\/sponsoring\/\" target=\"\" class=\"teaser general has-post-content has-post-thumbnail\">\n    <div class=\"image-wrapper\">\n        <img loading=\"lazy\" decoding=\"async\" width=\"1024\" height=\"683\" src=\"https:\/\/www.vitabad.ch\/wp-content\/uploads\/2025\/02\/IMG_0126-1024x683.jpg\" class=\"attachment-large size-large\" alt=\"\" srcset=\"https:\/\/www.vitabad.ch\/wp-content\/uploads\/2025\/02\/IMG_0126-1024x683.jpg 1024w, https:\/\/www.vitabad.ch\/wp-content\/uploads\/2025\/02\/IMG_0126-300x200.jpg 300w, https:\/\/www.vitabad.ch\/wp-content\/uploads\/2025\/02\/IMG_0126-150x100.jpg 150w, https:\/\/www.vitabad.ch\/wp-content\/uploads\/2025\/02\/IMG_0126-768x512.jpg 768w, https:\/\/www.vitabad.ch\/wp-content\/uploads\/2025\/02\/IMG_0126-1536x1025.jpg 1536w, https:\/\/www.vitabad.ch\/wp-content\/uploads\/2025\/02\/IMG_0126-2048x1366.jpg 2048w, https:\/\/www.vitabad.ch\/wp-content\/uploads\/2025\/02\/IMG_0126-600x400.jpg 600w\" sizes=\"auto, (max-width: 1024px) 100vw, 1024px\" \/>    <\/div>\n    <div class=\"data-wrapper\">\n                <h3>Sponsoring<\/h3>\n                    <p class=\"excerpt\">We are proud to be able to support such great champions. Click here for the other sponsoring partnerships of Vita Bad.<\/p>\n                            <footer>\n                <span class=\"wp-element-button wp-block-button__link\">learn more<\/span>\n            <\/footer>\n            <\/div>\n    <\/a>\n                <a href=\"https:\/\/www.vitabad.ch\/en\/about-vita-bath\/media\/\" target=\"\" class=\"teaser general has-post-content\">\n    <div class=\"image-wrapper\">\n            <\/div>\n    <div class=\"data-wrapper\">\n                <h3>Media<\/h3>\n                    <p class=\"excerpt\">We look forward to receiving great references \/ reports in the trade press.<\/p>\n                            <footer>\n                <span class=\"wp-element-button wp-block-button__link\">Media<\/span>\n            <\/footer>\n            <\/div>\n    <\/a>\n    <\/div>","protected":false},"excerpt":{"rendered":"<p>Ihr Stil. Ihr Pool. Individualit\u00e4t und Schweizer Qualit\u00e4t wird bei der Vita Bad AG seit 1983 gross geschrieben. Von der Beratung \u00fcber die Planung bis zur Realisation begleiten wir Sie Schritt f\u00fcr Schritt. Bis zum Moment, wo unsere Montageprofis Ihren Pool direkt vor Ort zusammenbauen. Wir von Vita Bad AG werfen Sie definitiv nicht ins [&hellip;]<\/p>\n","protected":false},"author":1,"featured_media":0,"parent":0,"menu_order":0,"comment_status":"closed","ping_status":"closed","template":"","meta":{"footnotes":""},"class_list":["post-69","page","type-page","status-publish","hentry","has-post-content"],"acf":[],"_links":{"self":[{"href":"https:\/\/www.vitabad.ch\/en\/wp-json\/wp\/v2\/pages\/69","targetHints":{"allow":["GET"]}}],"collection":[{"href":"https:\/\/www.vitabad.ch\/en\/wp-json\/wp\/v2\/pages"}],"about":[{"href":"https:\/\/www.vitabad.ch\/en\/wp-json\/wp\/v2\/types\/page"}],"author":[{"embeddable":true,"href":"https:\/\/www.vitabad.ch\/en\/wp-json\/wp\/v2\/users\/1"}],"replies":[{"embeddable":true,"href":"https:\/\/www.vitabad.ch\/en\/wp-json\/wp\/v2\/comments?post=69"}],"version-history":[{"count":11,"href":"https:\/\/www.vitabad.ch\/en\/wp-json\/wp\/v2\/pages\/69\/revisions"}],"predecessor-version":[{"id":4657,"href":"https:\/\/www.vitabad.ch\/en\/wp-json\/wp\/v2\/pages\/69\/revisions\/4657"}],"wp:attachment":[{"href":"https:\/\/www.vitabad.ch\/en\/wp-json\/wp\/v2\/media?parent=69"}],"curies":[{"name":"wp","href":"https:\/\/api.w.org\/{rel}","templated":true}]}}