{"id":712,"date":"2023-02-09T10:56:02","date_gmt":"2023-02-09T09:56:02","guid":{"rendered":"https:\/\/vitabad.dev.hayloft-it.ch\/?page_id=712"},"modified":"2024-07-07T21:12:03","modified_gmt":"2024-07-07T19:12:03","slug":"tips-tricks","status":"publish","type":"page","link":"https:\/\/www.vitabad.ch\/en\/service\/tipps-tricks\/","title":{"rendered":"Tips &amp; Tricks"},"content":{"rendered":"\n<h1 class=\"has-text-align-left wp-block-heading\">Tipps &amp; Tricks f\u00fcr den selbstst\u00e4ndigen Service<\/h1>\n\n\n\n<p>Unsere langj\u00e4hrige Erfahrung im Poolbau und -service hat uns gelehrt, dass die Pflege und Wartung des Pools von entscheidender Bedeutung ist, um jahrelange Freude und kristallklares Wasser zu gew\u00e4hrleisten. Auf diesen Seiten finden Sie geballtes Know-How und n\u00fctzliche Anleitungen, um Servicearbeiten im Bedarfsfall selbst\u00e4ndig ausf\u00fchren zu k\u00f6nnen.<\/p>\n\n\n<div class=\"wp-block-accordion accordion\" id=\"69e2f61c9ff8d\">\n            <div class=\"accordion-item\">\n            <h2 class=\"accordion-header\" id=\"wie-stelle-ich-die-schwimmbadpumpe-ab-heading\">\n                <button class=\"accordion-button collapsed\" type=\"button\" data-bs-toggle=\"collapse\" data-bs-target=\"#wie-stelle-ich-die-schwimmbadpumpe-ab\" aria-expanded=\"false\" aria-controls=\"wie-stelle-ich-die-schwimmbadpumpe-ab\">\n                    Wie stelle ich die Schwimmbadpumpe ab?                <\/button>\n            <\/h2>\n            <div id=\"wie-stelle-ich-die-schwimmbadpumpe-ab\" class=\"accordion-collapse collapse\" aria-labelledby=\"wie-stelle-ich-die-schwimmbadpumpe-ab-heading\" data-bs-parent=\"#wie-stelle-ich-die-schwimmbadpumpe-ab\">\n                <div class=\"accordion-body\">\n                    <p>Die Schwimmbadpumpe k\u00f6nnen Sie \u00fcber das Schnittstellengeh\u00e4use abstellen, indem Sie den Schalter auf \u00ab0\u00bb stellen.<\/p>\n<p>Andernfalls k\u00f6nnen Sie die Sicherung der Pumpe ausschalten.<\/p>\n                                                        <\/div>\n            <\/div>\n        <\/div>\n            <div class=\"accordion-item\">\n            <h2 class=\"accordion-header\" id=\"wie-reinige-ich-das-pumpenvorfilter-sieb-heading\">\n                <button class=\"accordion-button collapsed\" type=\"button\" data-bs-toggle=\"collapse\" data-bs-target=\"#wie-reinige-ich-das-pumpenvorfilter-sieb\" aria-expanded=\"false\" aria-controls=\"wie-reinige-ich-das-pumpenvorfilter-sieb\">\n                    Wie reinige ich das Pumpenvorfilter- Sieb?                                    <\/button>\n            <\/h2>\n            <div id=\"wie-reinige-ich-das-pumpenvorfilter-sieb\" class=\"accordion-collapse collapse\" aria-labelledby=\"wie-reinige-ich-das-pumpenvorfilter-sieb-heading\" data-bs-parent=\"#wie-reinige-ich-das-pumpenvorfilter-sieb\">\n                <div class=\"accordion-body\">\n                    <p>Stellen Sie zuerst die Filterpumpe ab. Merken Sie sich die Schiebereinstellung bei der Filteranlage im Voraus. Schliessen Sie dann die Schieber:<\/p>\n<ul>\n<li>Bodenansaug<\/li>\n<li>Skimmeransaug<\/li>\n<li>D\u00fcsenleitung<\/li>\n<li>Strahlrohr<\/li>\n<\/ul>\n<p>\u00d6ffnen Sie den Pumpenvorfilter-Sieb und nehmen Sie das Sieb heraus. \u00d6ffnen Sie die Filterpumpe mit dem Schl\u00fcssel\/ Hebel.<\/p>\n<p>Reinigen Sie das Sieb mit einem Schlauch oder im Waschbecken. Installieren Sie anschliessend das Sieb wieder und verschliessen Sie den Pumpendeckel mit normalem Kraftaufwand. Stellen Sie sicher, dass kein Dreck oder Sand zwischen Deckel und Dichtung ist. \u00d6ffnen Sie alle Schieber wieder auf vorgemerkte Stellung. Schalten Sie die Pumpe nun wieder ein und bleiben Sie rund 3 &#8211; 4 min bei der Anlage, um allf\u00e4llig auslaufendes Wasser schnell bemerken zu k\u00f6nnen.<\/p>\n                                            <video controls>\n                            <source src=\"https:\/\/www.vitabad.ch\/wp-content\/uploads\/2024\/02\/Pumpenvorfiltersieb-reinigen.mp4\" type=\"video\/mp4\">\n                        <\/video>\n                                                        <\/div>\n            <\/div>\n        <\/div>\n            <div class=\"accordion-item\">\n            <h2 class=\"accordion-header\" id=\"die-pool-abdeckung-laesst-sich-nicht-bewegen-heading\">\n                <button class=\"accordion-button collapsed\" type=\"button\" data-bs-toggle=\"collapse\" data-bs-target=\"#die-pool-abdeckung-laesst-sich-nicht-bewegen\" aria-expanded=\"false\" aria-controls=\"die-pool-abdeckung-laesst-sich-nicht-bewegen\">\n                    Die Pool-Abdeckung l\u00e4sst sich nicht bewegen?                <\/button>\n            <\/h2>\n            <div id=\"die-pool-abdeckung-laesst-sich-nicht-bewegen\" class=\"accordion-collapse collapse\" aria-labelledby=\"die-pool-abdeckung-laesst-sich-nicht-bewegen-heading\" data-bs-parent=\"#die-pool-abdeckung-laesst-sich-nicht-bewegen\">\n                <div class=\"accordion-body\">\n                    <p><strong>WICHTIG!<\/strong><\/p>\n<p>Versuchen Sie NICHT die Abdeckung mehrmals zu \u00f6ffnen oder zu schliessen, wenn ein Problem vorliegt. Kontrollieren Sie zuerst die Rollladensteuerung.<br \/>\nAuf dem Display bei der Rolladensteuerung k\u00f6nnen Sie die Fehlermeldung ablesen. Kontrollieren Sie, ob die Steuerung Strom hat. Schalten Sie die Sicherung f\u00fcr die Abdeckung aus und wieder ein. Dies kann unter Umst\u00e4nden den Fehler l\u00f6schen. \u00dcberpr\u00fcfen Sie den Wasserstand. Dieser sollte ungef\u00e4hr in der Mitte des Skimmers sein.<\/p>\n<p>Kontaktieren Sie uns, bevor sich die Abdeckung komplett verheddert.<\/p>\n                                                        <\/div>\n            <\/div>\n        <\/div>\n            <div class=\"accordion-item\">\n            <h2 class=\"accordion-header\" id=\"duesen-im-pool-haben-zu-wenig-druck-heading\">\n                <button class=\"accordion-button collapsed\" type=\"button\" data-bs-toggle=\"collapse\" data-bs-target=\"#duesen-im-pool-haben-zu-wenig-druck\" aria-expanded=\"false\" aria-controls=\"duesen-im-pool-haben-zu-wenig-druck\">\n                    D\u00fcsen im Pool haben zu wenig Druck?                <\/button>\n            <\/h2>\n            <div id=\"duesen-im-pool-haben-zu-wenig-druck\" class=\"accordion-collapse collapse\" aria-labelledby=\"duesen-im-pool-haben-zu-wenig-druck-heading\" data-bs-parent=\"#duesen-im-pool-haben-zu-wenig-druck\">\n                <div class=\"accordion-body\">\n                    <p>Reinigen Sie das Skimmer- und das Pumpensieb. Kontrollieren Sie die Schwimmbadpumpe auf abnormale Ger\u00e4usche.<\/p>\n<p>Kontrollieren Sie, ob alle Schieber in korrekter Stellung sind. Wann wurde zuletzt der Sand im Sandfilter gewechselt?<\/p>\n                                                                <a href=\"https:\/\/www.vitabad.ch\/kontakt\/\" target=\"\" class=\"wp-block-button__link wp-element-button\">\n                            Kontaktieren Sie uns f\u00fcr Fragen                        <\/a>\n                                    <\/div>\n            <\/div>\n        <\/div>\n            <div class=\"accordion-item\">\n            <h2 class=\"accordion-header\" id=\"meine-steuerung-zeigt-einen-alarm-an-al3-was-bedeutet-dieser-alarm-heading\">\n                <button class=\"accordion-button collapsed\" type=\"button\" data-bs-toggle=\"collapse\" data-bs-target=\"#meine-steuerung-zeigt-einen-alarm-an-al3-was-bedeutet-dieser-alarm\" aria-expanded=\"false\" aria-controls=\"meine-steuerung-zeigt-einen-alarm-an-al3-was-bedeutet-dieser-alarm\">\n                    Meine Steuerung zeigt einen Alarm an (AL3). Was bedeutet dieser Alarm?                <\/button>\n            <\/h2>\n            <div id=\"meine-steuerung-zeigt-einen-alarm-an-al3-was-bedeutet-dieser-alarm\" class=\"accordion-collapse collapse\" aria-labelledby=\"meine-steuerung-zeigt-einen-alarm-an-al3-was-bedeutet-dieser-alarm-heading\" data-bs-parent=\"#meine-steuerung-zeigt-einen-alarm-an-al3-was-bedeutet-dieser-alarm\">\n                <div class=\"accordion-body\">\n                    <p>Der Alarm AL3 bedeutet, dass die Dosierzeit vom Ph-Minus \u00fcberschritten wurde. Kontrollieren Sie, ob der Ph-Minus Kanister leer ist.<\/p>\n<p>Wenn er noch genug Fl\u00fcssigkeit hat, kontrollieren Sie per Handmessung das Poolwasser auf den Ph-Wert. Dieser sollte zwischen 7.0 \u2013 7.4 liegen.<\/p>\n<p>Stimmt der Wert nicht mit der Messung auf dem Ger\u00e4t \u00fcberein, kann es sein, dass die Sonde neu kalibriert werden muss oder sogar ausgetauscht werden sollte. Bitte lassen Sie diese Arbeiten von Mitarbeitern der Vita Bad AG durchf\u00fchren.<\/p>\n<p>Stimmt der Wert mit dem Ger\u00e4t +\/ \u2013 \u00fcberein, quittieren Sie den Alarm durch einmaliges Dr\u00fccken der Return-Taste auf der Steuerung. Die Ph-Dosierpumpe schaltet dann nach 15 Minuten wieder ein und senkt denPh-Wert im Pool bis zum eingestellten Soll-Wert.<\/p>\n                                                        <\/div>\n            <\/div>\n        <\/div>\n            <div class=\"accordion-item\">\n            <h2 class=\"accordion-header\" id=\"meine-steuerung-zeigt-einen-alarm-an-fl1-was-bedeutet-dieser-alarm-heading\">\n                <button class=\"accordion-button collapsed\" type=\"button\" data-bs-toggle=\"collapse\" data-bs-target=\"#meine-steuerung-zeigt-einen-alarm-an-fl1-was-bedeutet-dieser-alarm\" aria-expanded=\"false\" aria-controls=\"meine-steuerung-zeigt-einen-alarm-an-fl1-was-bedeutet-dieser-alarm\">\n                    Meine Steuerung zeigt einen Alarm an (FL1). Was bedeutet dieser Alarm?                <\/button>\n            <\/h2>\n            <div id=\"meine-steuerung-zeigt-einen-alarm-an-fl1-was-bedeutet-dieser-alarm\" class=\"accordion-collapse collapse\" aria-labelledby=\"meine-steuerung-zeigt-einen-alarm-an-fl1-was-bedeutet-dieser-alarm-heading\" data-bs-parent=\"#meine-steuerung-zeigt-einen-alarm-an-fl1-was-bedeutet-dieser-alarm\">\n                <div class=\"accordion-body\">\n                    <p>Der Alarm FL1 bedeutet, dass der Durchfluss im System nicht gew\u00e4hrleistet ist. Kontrollieren Sie, ob Sie sich in den Filterzeiten befinden.<\/p>\n<p>Sommerzeit: 06.00 \u2013 22.00<br \/>\nWinterzeit: 08.00 \u2013 20.00<\/p>\n<p>Vergewissern Sie sich, dass die Pumpe eingeschaltet ist.<\/p>\n                                                                <a href=\"https:\/\/www.vitabad.ch\/kontakt\/\" target=\"\" class=\"wp-block-button__link wp-element-button\">\n                            Kontaktieren Sie uns im Zweifelsfall                        <\/a>\n                                    <\/div>\n            <\/div>\n        <\/div>\n            <div class=\"accordion-item\">\n            <h2 class=\"accordion-header\" id=\"wieso-ist-die-hydrolyse-auf-0-heading\">\n                <button class=\"accordion-button collapsed\" type=\"button\" data-bs-toggle=\"collapse\" data-bs-target=\"#wieso-ist-die-hydrolyse-auf-0\" aria-expanded=\"false\" aria-controls=\"wieso-ist-die-hydrolyse-auf-0\">\n                    Wieso ist die Hydrolyse auf 0%?                <\/button>\n            <\/h2>\n            <div id=\"wieso-ist-die-hydrolyse-auf-0\" class=\"accordion-collapse collapse\" aria-labelledby=\"wieso-ist-die-hydrolyse-auf-0-heading\" data-bs-parent=\"#wieso-ist-die-hydrolyse-auf-0\">\n                <div class=\"accordion-body\">\n                    <p>Die Hydrolyse produziert mit Hilfe des Salzes im Pool die n\u00f6tige Desinfektion im Wasser. Mit dem eingestellten Redox-Sollwert von 680 legen wir fest, wie hoch das Wasser maximal desinfiziert werden soll.<\/p>\n<p>Sobald dieser Wert erreicht ist, stellt die Hydrolyse ab (=0%), da sie nicht mehr produzieren muss. Sollte aber der Sollwert 680 noch nicht erreicht sein, muss die Hydrolyse auf 60% laufen.<\/p>\n<p>Ist die Hydrolyse auf 0%, liegt aber noch unter dem Sollwert, kann es sein, dass die Filterumpe aufgrund der Filterzeiten nicht l\u00e4uft.<\/p>\n                                                        <\/div>\n            <\/div>\n        <\/div>\n            <div class=\"accordion-item\">\n            <h2 class=\"accordion-header\" id=\"was-muss-ich-machen-wenn-die-hydrolyse-nicht-mehr-auf-60-sondern-auf-40-oder-50-laeuft-heading\">\n                <button class=\"accordion-button collapsed\" type=\"button\" data-bs-toggle=\"collapse\" data-bs-target=\"#was-muss-ich-machen-wenn-die-hydrolyse-nicht-mehr-auf-60-sondern-auf-40-oder-50-laeuft\" aria-expanded=\"false\" aria-controls=\"was-muss-ich-machen-wenn-die-hydrolyse-nicht-mehr-auf-60-sondern-auf-40-oder-50-laeuft\">\n                    Was muss ich machen, wenn die Hydrolyse nicht mehr auf 60%, sondern auf 40% oder 50% l\u00e4uft?                <\/button>\n            <\/h2>\n            <div id=\"was-muss-ich-machen-wenn-die-hydrolyse-nicht-mehr-auf-60-sondern-auf-40-oder-50-laeuft\" class=\"accordion-collapse collapse\" aria-labelledby=\"was-muss-ich-machen-wenn-die-hydrolyse-nicht-mehr-auf-60-sondern-auf-40-oder-50-laeuft-heading\" data-bs-parent=\"#was-muss-ich-machen-wenn-die-hydrolyse-nicht-mehr-auf-60-sondern-auf-40-oder-50-laeuft\">\n                <div class=\"accordion-body\">\n                    <p>Kontrollieren Sie die Hydrolyse-Zelle auf Kalkablagerungen. Diese sind leicht ersichtlich durch das Plexiglasrohr.<\/p>\n<p>Wenn kein Kalk vorhanden ist, bedeutet es, dass zu wenig Salz im Pool ist.<\/p>\n<p>F\u00fcgen Sie nach folgender Rechnung Salz in Ihren Pool:<\/p>\n<p><strong>Pro fehlenden 10% bis auf 60% \u2013 1 Kg Salz pro 10m3 Wasser<\/strong><\/p>\n<p>Das bedeutet beispielsweise bei 30m3 Wasser und einer Hydrolyse-Leistung von 45% fehlen also 15% bis zur Maximalleistung von 60%.<br \/>\nBei fehlenden 15% ergibt das 1.5 Kg pro 10m3 = 1.5 x 3 (3 x 10m3) = 4.5 Kg Salz<\/p>\n                                                        <\/div>\n            <\/div>\n        <\/div>\n            <div class=\"accordion-item\">\n            <h2 class=\"accordion-header\" id=\"wie-mache-ich-eine-handmessung-heading\">\n                <button class=\"accordion-button collapsed\" type=\"button\" data-bs-toggle=\"collapse\" data-bs-target=\"#wie-mache-ich-eine-handmessung\" aria-expanded=\"false\" aria-controls=\"wie-mache-ich-eine-handmessung\">\n                    Wie mache ich eine Handmessung?                <\/button>\n            <\/h2>\n            <div id=\"wie-mache-ich-eine-handmessung\" class=\"accordion-collapse collapse\" aria-labelledby=\"wie-mache-ich-eine-handmessung-heading\" data-bs-parent=\"#wie-mache-ich-eine-handmessung\">\n                <div class=\"accordion-body\">\n                                                                                    <a href=\"https:\/\/www.vitabad.ch\/wp-content\/uploads\/2024\/07\/Handmessung.pdf\" target=\"_blank\" class=\"wp-block-button__link wp-element-button\">\n                            Beschreibung Handmessung                        <\/a>\n                                    <\/div>\n            <\/div>\n        <\/div>\n    <\/div>\n\n\n<h2 class=\"has-text-align-center wp-block-heading\">Diese Produkte k\u00f6nnten Sie interessieren<\/h2>\n\n\n<div data-block-name=\"woocommerce\/handpicked-products\" data-products=\"[414,260,363]\" class=\"wc-block-grid wp-block-handpicked-products wp-block-woocommerce-handpicked-products wc-block-handpicked-products has-3-columns has-multiple-rows\"><ul class=\"wc-block-grid__products\"><li class=\"has-post-content product type-product post-414 status-publish first instock product_cat-sonstiges-zubehoer has-post-thumbnail taxable shipping-taxable purchasable product-type-simple\">\n\t<a href=\"https:\/\/www.vitabad.ch\/en\/shop\/p\/pooltester\/\" data-thumbnail=\"https:\/\/www.vitabad.ch\/wp-content\/uploads\/2023\/01\/pooltester-mit-tabletten-1024x1024.jpg\" class=\"woocommerce-LoopProduct-link woocommerce-loop-product__link\"><img loading=\"lazy\" decoding=\"async\" width=\"300\" height=\"300\" src=\"https:\/\/www.vitabad.ch\/wp-content\/uploads\/2023\/01\/pooltester-mit-tabletten-300x300.jpg\" class=\"attachment-woocommerce_thumbnail size-woocommerce_thumbnail\" alt=\"Pooltester mit Tabletten\" srcset=\"https:\/\/www.vitabad.ch\/wp-content\/uploads\/2023\/01\/pooltester-mit-tabletten-300x300.jpg 300w, https:\/\/www.vitabad.ch\/wp-content\/uploads\/2023\/01\/pooltester-mit-tabletten-1024x1024.jpg 1024w, https:\/\/www.vitabad.ch\/wp-content\/uploads\/2023\/01\/pooltester-mit-tabletten-150x150.jpg 150w, https:\/\/www.vitabad.ch\/wp-content\/uploads\/2023\/01\/pooltester-mit-tabletten-768x768.jpg 768w, https:\/\/www.vitabad.ch\/wp-content\/uploads\/2023\/01\/pooltester-mit-tabletten-1536x1536.jpg 1536w, https:\/\/www.vitabad.ch\/wp-content\/uploads\/2023\/01\/pooltester-mit-tabletten-600x600.jpg 600w, https:\/\/www.vitabad.ch\/wp-content\/uploads\/2023\/01\/pooltester-mit-tabletten-100x100.jpg 100w, https:\/\/www.vitabad.ch\/wp-content\/uploads\/2023\/01\/pooltester-mit-tabletten.jpg 2000w\" sizes=\"auto, (max-width: 300px) 100vw, 300px\" \/><h2 class=\"woocommerce-loop-product__title\">Pooltester mit Tabletten<\/h2><div class=\"woocommerce-product-details__short-description\">\n\t<p>F\u00fcr ein klares und hygienisch reines Wasser m\u00fcssen verschiedene Wasserparameter regelm\u00e4\u00dfig \u00fcberpr\u00fcft werden.<\/p>\n<\/div>\n<\/a><div class=\"woocommerce-loop-product__actions\">\n\t<span class=\"price\"><span class=\"woocommerce-Price-amount amount\"><bdi><span class=\"woocommerce-Price-currencySymbol\">&#67;&#72;&#70;<\/span>&nbsp;36.00<\/bdi><\/span><\/span>\n<a href=\"\/en\/wp-json\/wp\/v2\/pages\/712?add-to-cart=414\" aria-describedby=\"woocommerce_loop_add_to_cart_link_describedby_414\" data-quantity=\"1\" class=\"button product_type_simple add_to_cart_button ajax_add_to_cart\" data-product_id=\"414\" data-product_sku=\"021068\" aria-label=\"Add to cart: &ldquo;Pooltester mit Tabletten&rdquo;\" rel=\"nofollow\" data-success_message=\"&ldquo;Pooltester mit Tabletten&rdquo; has been added to your cart\" role=\"button\">Add to cart<\/a>\t<span id=\"woocommerce_loop_add_to_cart_link_describedby_414\" class=\"screen-reader-text\">\n\t\t\t<\/span>\n<\/div><\/li>\n<li class=\"has-post-content product type-product post-363 status-publish instock product_cat-algenbekaempfung has-post-thumbnail taxable shipping-taxable purchasable product-type-simple\">\n\t<a href=\"https:\/\/www.vitabad.ch\/en\/shop\/p\/nophos\/\" data-thumbnail=\"https:\/\/www.vitabad.ch\/wp-content\/uploads\/2023\/01\/NoPhos-1024x1024.jpg\" class=\"woocommerce-LoopProduct-link woocommerce-loop-product__link\"><img loading=\"lazy\" decoding=\"async\" width=\"300\" height=\"300\" src=\"https:\/\/www.vitabad.ch\/wp-content\/uploads\/2023\/01\/NoPhos-300x300.jpg\" class=\"attachment-woocommerce_thumbnail size-woocommerce_thumbnail\" alt=\"NoPhos 1l\" srcset=\"https:\/\/www.vitabad.ch\/wp-content\/uploads\/2023\/01\/NoPhos-300x300.jpg 300w, https:\/\/www.vitabad.ch\/wp-content\/uploads\/2023\/01\/NoPhos-1024x1024.jpg 1024w, https:\/\/www.vitabad.ch\/wp-content\/uploads\/2023\/01\/NoPhos-150x150.jpg 150w, https:\/\/www.vitabad.ch\/wp-content\/uploads\/2023\/01\/NoPhos-768x768.jpg 768w, https:\/\/www.vitabad.ch\/wp-content\/uploads\/2023\/01\/NoPhos-1536x1536.jpg 1536w, https:\/\/www.vitabad.ch\/wp-content\/uploads\/2023\/01\/NoPhos-600x600.jpg 600w, https:\/\/www.vitabad.ch\/wp-content\/uploads\/2023\/01\/NoPhos-100x100.jpg 100w, https:\/\/www.vitabad.ch\/wp-content\/uploads\/2023\/01\/NoPhos.jpg 2000w\" sizes=\"auto, (max-width: 300px) 100vw, 300px\" \/><h2 class=\"woocommerce-loop-product__title\">NoPhos 1l<\/h2><div class=\"woocommerce-product-details__short-description\">\n\t<p>Hochkonzentrierte Fl\u00fcssigkeit zur Entfernung von Phosphaten im Poolwasser<\/p>\n<\/div>\n<\/a><div class=\"woocommerce-loop-product__actions\">\n\t<span class=\"price\"><span class=\"woocommerce-Price-amount amount\"><bdi><span class=\"woocommerce-Price-currencySymbol\">&#67;&#72;&#70;<\/span>&nbsp;35.00<\/bdi><\/span><\/span>\n<a href=\"\/en\/wp-json\/wp\/v2\/pages\/712?add-to-cart=363\" aria-describedby=\"woocommerce_loop_add_to_cart_link_describedby_363\" data-quantity=\"1\" class=\"button product_type_simple add_to_cart_button ajax_add_to_cart\" data-product_id=\"363\" data-product_sku=\"024018\" aria-label=\"Add to cart: &ldquo;NoPhos 1l&rdquo;\" rel=\"nofollow\" data-success_message=\"&ldquo;NoPhos 1l&rdquo; has been added to your cart\" role=\"button\">Add to cart<\/a>\t<span id=\"woocommerce_loop_add_to_cart_link_describedby_363\" class=\"screen-reader-text\">\n\t\t\t<\/span>\n<\/div><\/li>\n<li class=\"has-post-content product type-product post-260 status-publish instock product_cat-algenbekaempfung product_cat-wasserentkeimung has-post-thumbnail taxable shipping-taxable purchasable product-type-simple\">\n\t<a href=\"https:\/\/www.vitabad.ch\/en\/shop\/p\/stop-alg\/\" data-thumbnail=\"https:\/\/www.vitabad.ch\/wp-content\/uploads\/2022\/12\/stop-alg-1024x1024.jpg\" class=\"woocommerce-LoopProduct-link woocommerce-loop-product__link\"><img loading=\"lazy\" decoding=\"async\" width=\"300\" height=\"300\" src=\"https:\/\/www.vitabad.ch\/wp-content\/uploads\/2022\/12\/stop-alg-300x300.jpg\" class=\"attachment-woocommerce_thumbnail size-woocommerce_thumbnail\" alt=\"Stop-Alg 5l\" srcset=\"https:\/\/www.vitabad.ch\/wp-content\/uploads\/2022\/12\/stop-alg-300x300.jpg 300w, https:\/\/www.vitabad.ch\/wp-content\/uploads\/2022\/12\/stop-alg-1024x1024.jpg 1024w, https:\/\/www.vitabad.ch\/wp-content\/uploads\/2022\/12\/stop-alg-150x150.jpg 150w, https:\/\/www.vitabad.ch\/wp-content\/uploads\/2022\/12\/stop-alg-768x768.jpg 768w, https:\/\/www.vitabad.ch\/wp-content\/uploads\/2022\/12\/stop-alg-600x600.jpg 600w, https:\/\/www.vitabad.ch\/wp-content\/uploads\/2022\/12\/stop-alg-100x100.jpg 100w, https:\/\/www.vitabad.ch\/wp-content\/uploads\/2022\/12\/stop-alg.jpg 1130w\" sizes=\"auto, (max-width: 300px) 100vw, 300px\" \/><h2 class=\"woocommerce-loop-product__title\">Stop-Alg 5l<\/h2><div class=\"woocommerce-product-details__short-description\">\n\t<p>Wasserkl\u00e4rer und Algenverh\u00fctung<\/p>\n<\/div>\n<\/a><div class=\"woocommerce-loop-product__actions\">\n\t<span class=\"price\"><span class=\"woocommerce-Price-amount amount\"><bdi><span class=\"woocommerce-Price-currencySymbol\">&#67;&#72;&#70;<\/span>&nbsp;59.00<\/bdi><\/span><\/span>\n<a href=\"\/en\/wp-json\/wp\/v2\/pages\/712?add-to-cart=260\" aria-describedby=\"woocommerce_loop_add_to_cart_link_describedby_260\" data-quantity=\"1\" class=\"button product_type_simple add_to_cart_button ajax_add_to_cart\" data-product_id=\"260\" data-product_sku=\"61819200005\" aria-label=\"Add to cart: &ldquo;Stop-Alg 5l&rdquo;\" rel=\"nofollow\" data-success_message=\"&ldquo;Stop-Alg 5l&rdquo; has been added to your cart\" role=\"button\">Add to cart<\/a>\t<span id=\"woocommerce_loop_add_to_cart_link_describedby_260\" class=\"screen-reader-text\">\n\t\t\t<\/span>\n<\/div><\/li>\n<\/ul><\/div>","protected":false},"excerpt":{"rendered":"<p>Tipps &amp; Tricks f\u00fcr den selbstst\u00e4ndigen Service Unsere langj\u00e4hrige Erfahrung im Poolbau und -service hat uns gelehrt, dass die Pflege und Wartung des Pools von entscheidender Bedeutung ist, um jahrelange Freude und kristallklares Wasser zu gew\u00e4hrleisten. Auf diesen Seiten finden Sie geballtes Know-How und n\u00fctzliche Anleitungen, um Servicearbeiten im Bedarfsfall selbst\u00e4ndig ausf\u00fchren zu k\u00f6nnen. Diese [&hellip;]<\/p>\n","protected":false},"author":1,"featured_media":0,"parent":59,"menu_order":0,"comment_status":"closed","ping_status":"closed","template":"","meta":{"footnotes":""},"class_list":["post-712","page","type-page","status-publish","hentry","has-post-content"],"acf":[],"_links":{"self":[{"href":"https:\/\/www.vitabad.ch\/en\/wp-json\/wp\/v2\/pages\/712","targetHints":{"allow":["GET"]}}],"collection":[{"href":"https:\/\/www.vitabad.ch\/en\/wp-json\/wp\/v2\/pages"}],"about":[{"href":"https:\/\/www.vitabad.ch\/en\/wp-json\/wp\/v2\/types\/page"}],"author":[{"embeddable":true,"href":"https:\/\/www.vitabad.ch\/en\/wp-json\/wp\/v2\/users\/1"}],"replies":[{"embeddable":true,"href":"https:\/\/www.vitabad.ch\/en\/wp-json\/wp\/v2\/comments?post=712"}],"version-history":[{"count":21,"href":"https:\/\/www.vitabad.ch\/en\/wp-json\/wp\/v2\/pages\/712\/revisions"}],"predecessor-version":[{"id":4177,"href":"https:\/\/www.vitabad.ch\/en\/wp-json\/wp\/v2\/pages\/712\/revisions\/4177"}],"up":[{"embeddable":true,"href":"https:\/\/www.vitabad.ch\/en\/wp-json\/wp\/v2\/pages\/59"}],"wp:attachment":[{"href":"https:\/\/www.vitabad.ch\/en\/wp-json\/wp\/v2\/media?parent=712"}],"curies":[{"name":"wp","href":"https:\/\/api.w.org\/{rel}","templated":true}]}}