{"id":714,"date":"2023-02-09T10:56:24","date_gmt":"2023-02-09T09:56:24","guid":{"rendered":"https:\/\/vitabad.dev.hayloft-it.ch\/?page_id=714"},"modified":"2023-03-13T10:11:25","modified_gmt":"2023-03-13T09:11:25","slug":"service-offer","status":"publish","type":"page","link":"https:\/\/www.vitabad.ch\/en\/service\/service-angebot\/","title":{"rendered":"Service offer"},"content":{"rendered":"\n<h1 class=\"has-text-align-left wp-block-heading\">Unser Angebot in der \u00dcbersicht<\/h1>\n\n\n\n<p>Wir bieten unseren Kunden einen Servicevertrag an, der auf Ihre Bed\u00fcrfnisse angepasst ist. Ihren W\u00fcnschen entsprechend k\u00f6nnen wir die Vereinbarung modulm\u00e4ssig gestalten und individuell zusammenstellen.<\/p>\n\n\n\n<p>Nachfolgend finden Sie eine \u00dcbersicht \u00fcber die saisonal anfallenden Arbeiten rund um Ihren Pool.<\/p>\n\n\n\n<h2 class=\"wp-block-heading\">Zeitplan f\u00fcr die Pflege Ihres Pools<\/h2>\n\n\n\n<figure data-no-zoom=\"true\" class=\"wp-block-image size-full\"><img decoding=\"async\" src=\"https:\/\/www.vitabad.ch\/wp-content\/uploads\/2023\/02\/zeitplan-poolpflege.svg\" alt=\"\" class=\"wp-image-813\"\/><\/figure>\n\n\n\n<div class=\"wp-block-media-text alignwide is-stacked-on-mobile\"><figure class=\"wp-block-media-text__media\" data-no-zoom=\"true\"><img loading=\"lazy\" decoding=\"async\" width=\"1024\" height=\"683\" src=\"https:\/\/www.vitabad.ch\/wp-content\/uploads\/2023\/02\/compass-ceramic-pools_04-1-1024x683.jpg\" alt=\"\" class=\"wp-image-1225 size-full\" srcset=\"https:\/\/www.vitabad.ch\/wp-content\/uploads\/2023\/02\/compass-ceramic-pools_04-1-1024x683.jpg 1024w, https:\/\/www.vitabad.ch\/wp-content\/uploads\/2023\/02\/compass-ceramic-pools_04-1-300x200.jpg 300w, https:\/\/www.vitabad.ch\/wp-content\/uploads\/2023\/02\/compass-ceramic-pools_04-1-150x100.jpg 150w, https:\/\/www.vitabad.ch\/wp-content\/uploads\/2023\/02\/compass-ceramic-pools_04-1-768x512.jpg 768w, https:\/\/www.vitabad.ch\/wp-content\/uploads\/2023\/02\/compass-ceramic-pools_04-1-1536x1024.jpg 1536w, https:\/\/www.vitabad.ch\/wp-content\/uploads\/2023\/02\/compass-ceramic-pools_04-1-2048x1365.jpg 2048w, https:\/\/www.vitabad.ch\/wp-content\/uploads\/2023\/02\/compass-ceramic-pools_04-1-600x400.jpg 600w\" sizes=\"auto, (max-width: 1024px) 100vw, 1024px\" \/><\/figure><div class=\"wp-block-media-text__content\">\n<h3 class=\"wp-block-heading\">Fr\u00fchling<\/h3>\n\n\n\n<p>Um die Badesaison zu er\u00f6ffnen, m\u00fcssen ein paar Punkte beachtet und kleinere Vorarbeiten geleistet werden. Bei automatischen Wasseraufbereitungen, kann ab einer Wassertemperatur von zirka 15\u00b0C mit der Auswinterung begonnen werden.<\/p>\n\n\n\n<p>M\u00e4rz\/April ist die ideale Zeit, um Pool- und Wasserpflegemittel in unserem\u00a0<a href=\"https:\/\/www.vitabad.ch\/shop\/\">Onlineshop<\/a>\u00a0nachzubestellen und einen\u00a0<a href=\"mailto:service@vitabad.ch\">Termin f\u00fcr die Reinigung \/ Inbetriebnahme<\/a>\u00a0zu vereinbaren. Es ist mit einer Vorlaufzeit von 3- 4 Wochen zu rechnen.<\/p>\n\n\n\n<p>W\u00e4hrend dieser Zeit f\u00fchrt unser Service-Team selbstverst\u00e4ndlich kleinere Reparaturarbeiten durch, konzentriert sich aber haupts\u00e4chlich um die Inbetriebnahme der Pools.<\/p>\n\n\n\n<div class=\"wp-block-buttons is-layout-flex wp-block-buttons-is-layout-flex\">\n<div class=\"wp-block-button\"><a class=\"wp-block-button__link wp-element-button\" href=\"https:\/\/www.vitabad.ch\/dienstleistungen\/service-anfrage\/\">Reservieren Sie Ihren Termin hier<\/a><\/div>\n<\/div>\n<\/div><\/div>\n\n\n\n<div class=\"wp-block-media-text alignwide has-media-on-the-right is-stacked-on-mobile\"><div class=\"wp-block-media-text__content\">\n<h3 class=\"wp-block-heading\">Sommer<\/h3>\n\n\n\n<p>Von Mai bis im September k\u00fcmmern sich unsere Service-Techniker um saisonale Kontrollen, Reparaturen, Lieferungen von Wasserpflegemitteln, Austausch von Ersatzteilen und Arbeiten im vollen Pool.<\/p>\n\n\n\n<p>Die regelm\u00e4ssige Kontrolle der Wasserqualit\u00e4t Ihres Pools ist essentieller Bestandteil f\u00fcr ein ungetr\u00fcbtes Badevergn\u00fcgen.<\/p>\n<\/div><figure class=\"wp-block-media-text__media\" data-no-zoom=\"true\"><img loading=\"lazy\" decoding=\"async\" width=\"737\" height=\"390\" src=\"https:\/\/www.vitabad.ch\/wp-content\/uploads\/2023\/02\/vita-pool-classic_05.jpg\" alt=\"\" class=\"wp-image-1219 size-full\" srcset=\"https:\/\/www.vitabad.ch\/wp-content\/uploads\/2023\/02\/vita-pool-classic_05.jpg 737w, https:\/\/www.vitabad.ch\/wp-content\/uploads\/2023\/02\/vita-pool-classic_05-300x159.jpg 300w, https:\/\/www.vitabad.ch\/wp-content\/uploads\/2023\/02\/vita-pool-classic_05-150x79.jpg 150w, https:\/\/www.vitabad.ch\/wp-content\/uploads\/2023\/02\/vita-pool-classic_05-600x318.jpg 600w\" sizes=\"auto, (max-width: 737px) 100vw, 737px\" \/><\/figure><\/div>\n\n\n\n<div class=\"wp-block-media-text alignwide is-stacked-on-mobile\"><figure class=\"wp-block-media-text__media\" data-no-zoom=\"true\"><img loading=\"lazy\" decoding=\"async\" width=\"737\" height=\"390\" src=\"https:\/\/www.vitabad.ch\/wp-content\/uploads\/2023\/02\/001-scaled-e1643364239131.jpg\" alt=\"\" class=\"wp-image-629 size-full\" srcset=\"https:\/\/www.vitabad.ch\/wp-content\/uploads\/2023\/02\/001-scaled-e1643364239131.jpg 737w, https:\/\/www.vitabad.ch\/wp-content\/uploads\/2023\/02\/001-scaled-e1643364239131-300x159.jpg 300w, https:\/\/www.vitabad.ch\/wp-content\/uploads\/2023\/02\/001-scaled-e1643364239131-150x79.jpg 150w, https:\/\/www.vitabad.ch\/wp-content\/uploads\/2023\/02\/001-scaled-e1643364239131-600x318.jpg 600w\" sizes=\"auto, (max-width: 737px) 100vw, 737px\" \/><\/figure><div class=\"wp-block-media-text__content\">\n<h3 class=\"wp-block-heading\">Herbst<\/h3>\n\n\n\n<p>Ab anfangs Oktober wird es langsam Zeit, sich um die Einwinterung Gedanken zu machen. Unser erfahrenes Service-Team unterst\u00fctzt Sie gerne dabei Ihren Pool fachm\u00e4nnisch winterfest zu machen.<\/p>\n\n\n\n<div class=\"wp-block-buttons is-layout-flex wp-block-buttons-is-layout-flex\">\n<div class=\"wp-block-button\"><a class=\"wp-block-button__link wp-element-button\" href=\"https:\/\/www.vitabad.ch\/dienstleistungen\/service-anfrage\/\">Reservieren Sie Ihren Termin hier<\/a><\/div>\n<\/div>\n<\/div><\/div>\n\n\n\n<div class=\"wp-block-media-text alignwide has-media-on-the-right is-stacked-on-mobile\"><div class=\"wp-block-media-text__content\">\n<h3 class=\"wp-block-heading\">Winter<\/h3>\n\n\n\n<p>Auch w\u00e4hrend der kalten Jahreszeit ist unser Service-Team f\u00fcr Sie unterwegs. Nun ist der ideale Zeitpunkt f\u00fcr arbeitsaufwendigere Umbauten und Revisionen. Auch Sanierungen und nachtr\u00e4gliche Einbauten von Ger\u00e4tschaften sind nun gut einzukalkulieren. <\/p>\n\n\n\n<p>Falls Filtermaterial ausgetauscht werden sollte, kann dies problemlos w\u00e4hrend des Winters stattfinden.<\/p>\n<\/div><figure class=\"wp-block-media-text__media\" data-no-zoom=\"true\"><img loading=\"lazy\" decoding=\"async\" width=\"737\" height=\"390\" src=\"https:\/\/www.vitabad.ch\/wp-content\/uploads\/2023\/02\/ausstellung_06.jpg\" alt=\"\" class=\"wp-image-843 size-full\" srcset=\"https:\/\/www.vitabad.ch\/wp-content\/uploads\/2023\/02\/ausstellung_06.jpg 737w, https:\/\/www.vitabad.ch\/wp-content\/uploads\/2023\/02\/ausstellung_06-300x159.jpg 300w, https:\/\/www.vitabad.ch\/wp-content\/uploads\/2023\/02\/ausstellung_06-150x79.jpg 150w, https:\/\/www.vitabad.ch\/wp-content\/uploads\/2023\/02\/ausstellung_06-600x318.jpg 600w\" sizes=\"auto, (max-width: 737px) 100vw, 737px\" \/><\/figure><\/div>\n\n\n\n<h2 class=\"has-text-align-center wp-block-heading\">Diese Produkte k\u00f6nnten Sie interessieren<\/h2>\n\n\n<div data-block-name=\"woocommerce\/handpicked-products\" data-products=\"[359,491,358]\" class=\"wc-block-grid wp-block-handpicked-products wp-block-woocommerce-handpicked-products wc-block-handpicked-products has-3-columns has-multiple-rows\"><ul class=\"wc-block-grid__products\"><li class=\"has-post-content product type-product post-491 status-publish first instock product_cat-reinigung product_cat-reinigungsgeraete has-post-thumbnail taxable shipping-taxable purchasable product-type-simple\">\n\t<a href=\"https:\/\/www.vitabad.ch\/en\/shop\/p\/dolphin-m-600\/\" data-thumbnail=\"https:\/\/www.vitabad.ch\/wp-content\/uploads\/2023\/01\/dolphin-m600-gyro.png\" class=\"woocommerce-LoopProduct-link woocommerce-loop-product__link\"><img loading=\"lazy\" decoding=\"async\" width=\"300\" height=\"300\" src=\"https:\/\/www.vitabad.ch\/wp-content\/uploads\/2023\/01\/dolphin-m600-gyro-300x300.png\" class=\"attachment-woocommerce_thumbnail size-woocommerce_thumbnail\" alt=\"Dolphin M 600\" srcset=\"https:\/\/www.vitabad.ch\/wp-content\/uploads\/2023\/01\/dolphin-m600-gyro-300x300.png 300w, https:\/\/www.vitabad.ch\/wp-content\/uploads\/2023\/01\/dolphin-m600-gyro-150x150.png 150w, https:\/\/www.vitabad.ch\/wp-content\/uploads\/2023\/01\/dolphin-m600-gyro-600x600.png 600w, https:\/\/www.vitabad.ch\/wp-content\/uploads\/2023\/01\/dolphin-m600-gyro-100x100.png 100w, https:\/\/www.vitabad.ch\/wp-content\/uploads\/2023\/01\/dolphin-m600-gyro.png 690w\" sizes=\"auto, (max-width: 300px) 100vw, 300px\" \/><h2 class=\"woocommerce-loop-product__title\">Dolphin M 600<\/h2><div class=\"woocommerce-product-details__short-description\">\n\t<p>Herausragende Schwimmbadreinigung so einfach wie noch nie.<\/p>\n<\/div>\n<\/a><div class=\"woocommerce-loop-product__actions\">\n\t<span class=\"price\"><span class=\"woocommerce-Price-amount amount\"><bdi><span class=\"woocommerce-Price-currencySymbol\">&#67;&#72;&#70;<\/span>&nbsp;2&#8217;140.00<\/bdi><\/span><\/span>\n<a href=\"\/en\/wp-json\/wp\/v2\/pages\/714?add-to-cart=491\" aria-describedby=\"woocommerce_loop_add_to_cart_link_describedby_491\" data-quantity=\"1\" class=\"button product_type_simple add_to_cart_button ajax_add_to_cart\" data-product_id=\"491\" data-product_sku=\"101022\" aria-label=\"Add to cart: &ldquo;Dolphin M 600&rdquo;\" rel=\"nofollow\" data-success_message=\"&ldquo;Dolphin M 600&rdquo; has been added to your cart\" role=\"button\">Add to cart<\/a>\t<span id=\"woocommerce_loop_add_to_cart_link_describedby_491\" class=\"screen-reader-text\">\n\t\t\t<\/span>\n<\/div><\/li>\n<li class=\"has-post-content product type-product post-359 status-publish instock product_cat-flockungsmittel has-post-thumbnail taxable shipping-taxable purchasable product-type-simple\">\n\t<a href=\"https:\/\/www.vitabad.ch\/en\/shop\/p\/apf\/\" data-thumbnail=\"https:\/\/www.vitabad.ch\/wp-content\/uploads\/2023\/01\/apf-1024x1024.jpg\" class=\"woocommerce-LoopProduct-link woocommerce-loop-product__link\"><img loading=\"lazy\" decoding=\"async\" width=\"300\" height=\"300\" src=\"https:\/\/www.vitabad.ch\/wp-content\/uploads\/2023\/01\/apf-300x300.jpg\" class=\"attachment-woocommerce_thumbnail size-woocommerce_thumbnail\" alt=\"APF 20 kg\" srcset=\"https:\/\/www.vitabad.ch\/wp-content\/uploads\/2023\/01\/apf-300x300.jpg 300w, https:\/\/www.vitabad.ch\/wp-content\/uploads\/2023\/01\/apf-1024x1024.jpg 1024w, https:\/\/www.vitabad.ch\/wp-content\/uploads\/2023\/01\/apf-150x150.jpg 150w, https:\/\/www.vitabad.ch\/wp-content\/uploads\/2023\/01\/apf-768x768.jpg 768w, https:\/\/www.vitabad.ch\/wp-content\/uploads\/2023\/01\/apf-1536x1536.jpg 1536w, https:\/\/www.vitabad.ch\/wp-content\/uploads\/2023\/01\/apf-600x600.jpg 600w, https:\/\/www.vitabad.ch\/wp-content\/uploads\/2023\/01\/apf-100x100.jpg 100w, https:\/\/www.vitabad.ch\/wp-content\/uploads\/2023\/01\/apf.jpg 2000w\" sizes=\"auto, (max-width: 300px) 100vw, 300px\" \/><h2 class=\"woocommerce-loop-product__title\">APF 20 kg<\/h2><div class=\"woocommerce-product-details__short-description\">\n\t<p>Hoch effizientes Koagulations- und Flockungsmittel<\/p>\n<\/div>\n<\/a><div class=\"woocommerce-loop-product__actions\">\n\t<span class=\"price\"><span class=\"woocommerce-Price-amount amount\"><bdi><span class=\"woocommerce-Price-currencySymbol\">&#67;&#72;&#70;<\/span>&nbsp;98.00<\/bdi><\/span><\/span>\n<a href=\"\/en\/wp-json\/wp\/v2\/pages\/714?add-to-cart=359\" aria-describedby=\"woocommerce_loop_add_to_cart_link_describedby_359\" data-quantity=\"1\" class=\"button product_type_simple add_to_cart_button ajax_add_to_cart\" data-product_id=\"359\" data-product_sku=\"024035\" aria-label=\"Add to cart: &ldquo;APF 20 kg&rdquo;\" rel=\"nofollow\" data-success_message=\"&ldquo;APF 20 kg&rdquo; has been added to your cart\" role=\"button\">Add to cart<\/a>\t<span id=\"woocommerce_loop_add_to_cart_link_describedby_359\" class=\"screen-reader-text\">\n\t\t\t<\/span>\n<\/div><\/li>\n<li class=\"has-post-content product type-product post-358 status-publish instock product_cat-wasserregulierung has-post-thumbnail taxable shipping-taxable purchasable product-type-simple\">\n\t<a href=\"https:\/\/www.vitabad.ch\/en\/shop\/p\/ph-minus-fluessig\/\" data-thumbnail=\"https:\/\/www.vitabad.ch\/wp-content\/uploads\/2023\/01\/ph-minus-1024x1024.jpg\" class=\"woocommerce-LoopProduct-link woocommerce-loop-product__link\"><img loading=\"lazy\" decoding=\"async\" width=\"300\" height=\"300\" src=\"https:\/\/www.vitabad.ch\/wp-content\/uploads\/2023\/01\/ph-minus-300x300.jpg\" class=\"attachment-woocommerce_thumbnail size-woocommerce_thumbnail\" alt=\"PH-Minus fl\u00fcssig 25kg\" srcset=\"https:\/\/www.vitabad.ch\/wp-content\/uploads\/2023\/01\/ph-minus-300x300.jpg 300w, https:\/\/www.vitabad.ch\/wp-content\/uploads\/2023\/01\/ph-minus-1024x1024.jpg 1024w, https:\/\/www.vitabad.ch\/wp-content\/uploads\/2023\/01\/ph-minus-150x150.jpg 150w, https:\/\/www.vitabad.ch\/wp-content\/uploads\/2023\/01\/ph-minus-768x768.jpg 768w, https:\/\/www.vitabad.ch\/wp-content\/uploads\/2023\/01\/ph-minus-1536x1536.jpg 1536w, https:\/\/www.vitabad.ch\/wp-content\/uploads\/2023\/01\/ph-minus-600x600.jpg 600w, https:\/\/www.vitabad.ch\/wp-content\/uploads\/2023\/01\/ph-minus-100x100.jpg 100w, https:\/\/www.vitabad.ch\/wp-content\/uploads\/2023\/01\/ph-minus.jpg 2000w\" sizes=\"auto, (max-width: 300px) 100vw, 300px\" \/><h2 class=\"woocommerce-loop-product__title\">PH-Minus fl\u00fcssig 25kg<\/h2><div class=\"woocommerce-product-details__short-description\">\n\t<p>Fl\u00fcssigkonzentrat zur Senkung des pH-Wertes<\/p>\n<\/div>\n<\/a><div class=\"woocommerce-loop-product__actions\">\n\t<span class=\"price\"><span class=\"woocommerce-Price-amount amount\"><bdi><span class=\"woocommerce-Price-currencySymbol\">&#67;&#72;&#70;<\/span>&nbsp;85.00<\/bdi><\/span><\/span>\n<a href=\"\/en\/wp-json\/wp\/v2\/pages\/714?add-to-cart=358\" aria-describedby=\"woocommerce_loop_add_to_cart_link_describedby_358\" data-quantity=\"1\" class=\"button product_type_simple add_to_cart_button ajax_add_to_cart\" data-product_id=\"358\" data-product_sku=\"022000\" aria-label=\"Add to cart: &ldquo;PH-Minus fl\u00fcssig 25kg&rdquo;\" rel=\"nofollow\" data-success_message=\"&ldquo;PH-Minus fl\u00fcssig 25kg&rdquo; has been added to your cart\" role=\"button\">Add to cart<\/a>\t<span id=\"woocommerce_loop_add_to_cart_link_describedby_358\" class=\"screen-reader-text\">\n\t\t\t<\/span>\n<\/div><\/li>\n<\/ul><\/div>","protected":false},"excerpt":{"rendered":"<p>Unser Angebot in der \u00dcbersicht Wir bieten unseren Kunden einen Servicevertrag an, der auf Ihre Bed\u00fcrfnisse angepasst ist. Ihren W\u00fcnschen entsprechend k\u00f6nnen wir die Vereinbarung modulm\u00e4ssig gestalten und individuell zusammenstellen. Nachfolgend finden Sie eine \u00dcbersicht \u00fcber die saisonal anfallenden Arbeiten rund um Ihren Pool. Zeitplan f\u00fcr die Pflege Ihres Pools Sommer Von Mai bis im [&hellip;]<\/p>\n","protected":false},"author":1,"featured_media":0,"parent":59,"menu_order":0,"comment_status":"closed","ping_status":"closed","template":"","meta":{"footnotes":""},"class_list":["post-714","page","type-page","status-publish","hentry","has-post-content"],"acf":[],"_links":{"self":[{"href":"https:\/\/www.vitabad.ch\/en\/wp-json\/wp\/v2\/pages\/714","targetHints":{"allow":["GET"]}}],"collection":[{"href":"https:\/\/www.vitabad.ch\/en\/wp-json\/wp\/v2\/pages"}],"about":[{"href":"https:\/\/www.vitabad.ch\/en\/wp-json\/wp\/v2\/types\/page"}],"author":[{"embeddable":true,"href":"https:\/\/www.vitabad.ch\/en\/wp-json\/wp\/v2\/users\/1"}],"replies":[{"embeddable":true,"href":"https:\/\/www.vitabad.ch\/en\/wp-json\/wp\/v2\/comments?post=714"}],"version-history":[{"count":1,"href":"https:\/\/www.vitabad.ch\/en\/wp-json\/wp\/v2\/pages\/714\/revisions"}],"predecessor-version":[{"id":2610,"href":"https:\/\/www.vitabad.ch\/en\/wp-json\/wp\/v2\/pages\/714\/revisions\/2610"}],"up":[{"embeddable":true,"href":"https:\/\/www.vitabad.ch\/en\/wp-json\/wp\/v2\/pages\/59"}],"wp:attachment":[{"href":"https:\/\/www.vitabad.ch\/en\/wp-json\/wp\/v2\/media?parent=714"}],"curies":[{"name":"wp","href":"https:\/\/api.w.org\/{rel}","templated":true}]}}