{"id":720,"date":"2023-02-09T10:59:39","date_gmt":"2023-02-09T09:59:39","guid":{"rendered":"https:\/\/vitabad.dev.hayloft-it.ch\/?page_id=720"},"modified":"2024-02-09T12:36:19","modified_gmt":"2024-02-09T11:36:19","slug":"south-slope-planning","status":"publish","type":"page","link":"https:\/\/www.vitabad.ch\/en\/dienstleistungen\/suedhang-planung\/","title":{"rendered":"SOUTH HANG Planning"},"content":{"rendered":"\n<h1 class=\"has-text-align-left wp-block-heading\">Die Realisierung des Traums vom <\/h1>\n\n\n\n<h1 class=\"has-text-align-left wp-block-heading\">eigenen Schwimmbad<\/h1>\n\n\n\n<p>Wir k\u00fcmmern uns um die Erstellung der Baugesuchunterlagen f\u00fcr Ihr privates Gartenschwimmbad<\/p>\n\n\n\n<p>Mit 40 Jahren Erfahrung als Schwimmbadbauer wissen wir genau, was f\u00fcr die Einleitung eines Baugesuchverfahrens erforderlich ist. Wenn Sie sich f\u00fcr diesen Service entscheiden, ben\u00f6tigen wir lediglich Ihre Unterschrift, und wir \u00fcbernehmen den Rest. Unsere erfahrene Zeichnerin erstellt die Planungsunterlagen f\u00fcr Ihr individuelles Gartenschwimmbadprojekt und reicht sie bei den zust\u00e4ndigen Beh\u00f6rden ein.<\/p>\n\n\n\n<p>Nach Erhalt der Genehmigung und Kl\u00e4rung eventueller Auflagen steht der Realisierung Ihres Traumpools nichts mehr im Wege.<\/p>\n\n\n\n<div class=\"wp-block-buttons is-layout-flex wp-block-buttons-is-layout-flex\">\n<div class=\"wp-block-button\"><a class=\"wp-block-button__link wp-element-button\" href=\"https:\/\/www.suedhang-la.ch\/\" target=\"_blank\" rel=\"noreferrer noopener\">zur S\u00fcdhang planung Website<\/a><\/div>\n<\/div>\n\n\n<div class=\"wp-block-vitabad-contact\">\n    <h2>D\u00fcrfen wir Ihr Projekt planen?<\/h2>\n    <p>Nehmen Sie Kontakt auf mit uns und wir unterst\u00fctzen Sie kompetent und fachkundig bei der Planungsarbeit.<\/p>\n    <button class=\"wp-block-button__link wp-element-button\" data-bs-toggle=\"modal\" data-bs-target=\"#contact-form-720\">\n        Kontakt aufnehmen    <\/button>\n        <div class=\"modal fade\" id=\"contact-form-720\" tabindex=\"-1\" role=\"dialog\" aria-labelledby=\"exampleModalLongTitle\" aria-hidden=\"true\">\n        <div class=\"modal-dialog\" role=\"document\">\n            <button type=\"button\" class=\"close\" data-bs-dismiss=\"modal\"><\/button>\n            <div class=\"modal-content\">\n                <script type=\"text\/javascript\">\n\/* <![CDATA[ *\/\nvar gform;gform||(document.addEventListener(\"gform_main_scripts_loaded\",function(){gform.scriptsLoaded=!0}),document.addEventListener(\"gform\/theme\/scripts_loaded\",function(){gform.themeScriptsLoaded=!0}),window.addEventListener(\"DOMContentLoaded\",function(){gform.domLoaded=!0}),gform={domLoaded:!1,scriptsLoaded:!1,themeScriptsLoaded:!1,isFormEditor:()=>\"function\"==typeof InitializeEditor,callIfLoaded:function(o){return!(!gform.domLoaded||!gform.scriptsLoaded||!gform.themeScriptsLoaded&&!gform.isFormEditor()||(gform.isFormEditor()&&console.warn(\"The use of gform.initializeOnLoaded() is deprecated in the form editor context and will be removed in Gravity Forms 3.1.\"),o(),0))},initializeOnLoaded:function(o){gform.callIfLoaded(o)||(document.addEventListener(\"gform_main_scripts_loaded\",()=>{gform.scriptsLoaded=!0,gform.callIfLoaded(o)}),document.addEventListener(\"gform\/theme\/scripts_loaded\",()=>{gform.themeScriptsLoaded=!0,gform.callIfLoaded(o)}),window.addEventListener(\"DOMContentLoaded\",()=>{gform.domLoaded=!0,gform.callIfLoaded(o)}))},hooks:{action:{},filter:{}},addAction:function(o,r,e,t){gform.addHook(\"action\",o,r,e,t)},addFilter:function(o,r,e,t){gform.addHook(\"filter\",o,r,e,t)},doAction:function(o){gform.doHook(\"action\",o,arguments)},applyFilters:function(o){return gform.doHook(\"filter\",o,arguments)},removeAction:function(o,r){gform.removeHook(\"action\",o,r)},removeFilter:function(o,r,e){gform.removeHook(\"filter\",o,r,e)},addHook:function(o,r,e,t,n){null==gform.hooks[o][r]&&(gform.hooks[o][r]=[]);var d=gform.hooks[o][r];null==n&&(n=r+\"_\"+d.length),gform.hooks[o][r].push({tag:n,callable:e,priority:t=null==t?10:t})},doHook:function(r,o,e){var t;if(e=Array.prototype.slice.call(e,1),null!=gform.hooks[r][o]&&((o=gform.hooks[r][o]).sort(function(o,r){return o.priority-r.priority}),o.forEach(function(o){\"function\"!=typeof(t=o.callable)&&(t=window[t]),\"action\"==r?t.apply(null,e):e[0]=t.apply(null,e)})),\"filter\"==r)return e[0]},removeHook:function(o,r,t,n){var e;null!=gform.hooks[o][r]&&(e=(e=gform.hooks[o][r]).filter(function(o,r,e){return!!(null!=n&&n!=o.tag||null!=t&&t!=o.priority)}),gform.hooks[o][r]=e)}});\n\/* ]]> *\/\n<\/script>\n\n                <div class='gf_browser_gecko gform_wrapper gravity-theme gform-theme--no-framework' data-form-theme='' data-form-index='0' id='gform_wrapper_1' ><div id='gf_1' class='gform_anchor' tabindex='-1'><\/div>\n                        <div class='gform_heading'>\n                            <h2 class=\"gform_title\">Anfrage f\u00fcr eine unverbindliche Kontaktaufnahme<\/h2>\n                            <p class='gform_description'>Wir beraten Sie gerne und freuen uns \u00fcber Ihre Kontaktaufnahme. Bitte f\u00fcllen Sie das Formular aus und der zust\u00e4ndige Mitarbeiter wird sich mit Ihnen in Verbindung setzen.<\/p>\n                        <\/div><form method='post' enctype='multipart\/form-data' target='gform_ajax_frame_1' id='gform_1'  action='\/en\/wp-json\/wp\/v2\/pages\/720#gf_1' data-formid='1' novalidate>\n                        <div class='gform-body gform_body'><div id='gform_fields_1' class='gform_fields top_label form_sublabel_below description_below validation_below'><div id=\"field_1_11\" class=\"gfield gfield--type-select gfield--width-half field_sublabel_below gfield--no-description field_description_below field_validation_below gfield_visibility_visible form-floating\"  data-field-class=\"form-floating\" ><select name=\"input_11\" id=\"input_1_11\" class=\"large gfield_select form-select form-control\" aria-invalid=\"false\" placeholder=\"Anrede (optional)\"><option value=\"\" selected class=\"gf_placeholder\">Bitte ausw\u00e4hlen<\/option><option value=\"Frau\">Frau<\/option><option value=\"Herr\">Herr<\/option><option value=\"Divers\">Divers<\/option><\/select><label class=\"gfield_label gform-field-label\" for=\"input_1_11\">Anrede <span class=\"gfield_required\">(optional)<\/span><\/label><\/div><div id=\"field_1_1\" class=\"gfield gfield--type-text gfield--width-half gfield_contains_required field_sublabel_below gfield--no-description field_description_below field_validation_below gfield_visibility_visible form-floating\"  data-field-class=\"form-floating\" ><input name=\"input_1\" id=\"input_1_1\" type=\"text\" value=\"\" class=\"large form-control\" aria-required=\"true\" aria-invalid=\"false\" placeholder=\"Vorname\"><label class=\"gfield_label gform-field-label\" for=\"input_1_1\">Vorname<\/label><\/div><div id=\"field_1_3\" class=\"gfield gfield--type-text gfield--width-half gfield_contains_required field_sublabel_below gfield--no-description field_description_below field_validation_below gfield_visibility_visible form-floating\"  data-field-class=\"form-floating\" ><input name=\"input_3\" id=\"input_1_3\" type=\"text\" value=\"\" class=\"large form-control\" aria-required=\"true\" aria-invalid=\"false\" placeholder=\"Nachname\"><label class=\"gfield_label gform-field-label\" for=\"input_1_3\">Nachname<\/label><\/div><div id=\"field_1_4\" class=\"gfield gfield--type-text gfield--width-half gfield_contains_required field_sublabel_below gfield--no-description field_description_below field_validation_below gfield_visibility_visible form-floating\"  data-field-class=\"form-floating\" ><input name=\"input_4\" id=\"input_1_4\" type=\"text\" value=\"\" class=\"large form-control\" aria-required=\"true\" aria-invalid=\"false\" placeholder=\"Adresse\"><label class=\"gfield_label gform-field-label\" for=\"input_1_4\">Adresse<\/label><\/div><div id=\"field_1_13\" class=\"gfield gfield--type-text gfield--width-quarter zip gfield_contains_required field_sublabel_below gfield--no-description field_description_below field_validation_below gfield_visibility_visible form-floating\"  data-field-class=\"form-floating\" ><input name=\"input_13\" id=\"input_1_13\" type=\"text\" value=\"\" class=\"large form-control\" aria-required=\"true\" aria-invalid=\"false\" placeholder=\"PLZ\"><label class=\"gfield_label gform-field-label\" for=\"input_1_13\">PLZ<\/label><\/div><div id=\"field_1_6\" class=\"gfield gfield--type-text gfield--width-quarter city gfield_contains_required field_sublabel_below gfield--no-description field_description_below field_validation_below gfield_visibility_visible form-floating\"  data-field-class=\"form-floating\" ><input name=\"input_6\" id=\"input_1_6\" type=\"text\" value=\"\" class=\"large form-control\" aria-required=\"true\" aria-invalid=\"false\" placeholder=\"Ort\"><label class=\"gfield_label gform-field-label\" for=\"input_1_6\">Ort<\/label><\/div><div id=\"field_1_7\" class=\"gfield gfield--type-email gfield--width-half gfield_contains_required field_sublabel_below gfield--no-description field_description_below field_validation_below gfield_visibility_visible form-floating\"  data-field-class=\"form-floating\" ><input name=\"input_7\" id=\"input_1_7\" type=\"email\" value=\"\" class=\"large form-control\" aria-required=\"true\" aria-invalid=\"false\" placeholder=\"E-Mail Adresse\"><label class=\"gfield_label gform-field-label\" for=\"input_1_7\">E-Mail Adresse<\/label><\/div><div id=\"field_1_8\" class=\"gfield gfield--type-phone gfield--width-half gfield_contains_required field_sublabel_below gfield--no-description field_description_below field_validation_below gfield_visibility_visible form-floating\"  data-field-class=\"form-floating\" ><input name=\"input_8\" id=\"input_1_8\" type=\"tel\" value=\"\" class=\"large form-control\" aria-required=\"true\" aria-invalid=\"false\" placeholder=\"Telefon\"><label class=\"gfield_label gform-field-label\" for=\"input_1_8\">Telefon<\/label><\/div><div id=\"field_1_9\" class=\"gfield gfield--type-textarea gfield--width-full field_sublabel_below gfield--no-description field_description_below field_validation_below gfield_visibility_visible form-floating\"  data-field-class=\"form-floating\" ><textarea name=\"input_9\" id=\"input_1_9\" class=\"textarea large form-control\" aria-invalid=\"false\" rows=\"10\" cols=\"50\" placeholder=\"Mitteilung (optional)\"><\/textarea><label class=\"gfield_label gform-field-label\" for=\"input_1_9\">Mitteilung <span class=\"gfield_required\">(optional)<\/span><\/label><\/div><fieldset id=\"field_1_12\" class=\"gfield gfield--type-checkbox gfield--type-choice gfield--width-full field_sublabel_below gfield--no-description field_description_below field_validation_below gfield_visibility_visible form-check\"  data-field-class=\"form-check\" ><input class=\"form-check-input\" name=\"input_12.1\" type=\"checkbox\" value=\"Bitte senden Sie mir die Produktbrosch\u00fcre\" id=\"choice_1_12_1\" placeholder=\"Bitte senden Sie mir die Produktbrosch\u00fcre\"><label class=\"form-check-label\" for=\"choice_1_12_1\" id=\"label_1_12_1\">Bitte senden Sie mir die Produktbrosch\u00fcre<\/label><\/fieldset><fieldset id=\"field_1_10\" class=\"gfield gfield--type-consent gfield--type-choice gfield--input-type-consent gfield--width-full gfield_contains_required field_sublabel_below gfield--no-description field_description_below hidden_label field_validation_below gfield_visibility_visible form-check\"  data-field-class=\"form-check\" ><input class=\"form-check-input\" name=\"input_10.1\" id=\"input_1_10_1\" type=\"checkbox\" value=\"1\" aria-required=\"true\" aria-invalid=\"false\" placeholder=\"Ich stimme zu, dass meine Angaben aus dem Kontaktformular zur Beantwortung meiner Anfrage gem\u00e4ss der Datenschutzerkl\u00e4rung erhoben und verarbeitet werden.(Erforderlich)\"><input type=\"hidden\" name=\"input_10.2\" value='Ich stimme zu, dass meine Angaben aus dem Kontaktformular zur Beantwortung meiner Anfrage gem\u00e4ss der &lt;a href=\"\/datenschutzerklaerung\"&gt;Datenschutzerkl\u00e4rung&lt;\/a&gt; erhoben und verarbeitet werden.' class=\"gform_hidden\" placeholder=\"Ich stimme zu, dass meine Angaben aus dem Kontaktformular zur Beantwortung meiner Anfrage gem\u00e4ss der Datenschutzerkl\u00e4rung erhoben und verarbeitet werden.(Erforderlich)\"><input type=\"hidden\" name=\"input_10.3\" value=\"1\" class=\"gform_hidden\" placeholder=\"Ich stimme zu, dass meine Angaben aus dem Kontaktformular zur Beantwortung meiner Anfrage gem\u00e4ss der Datenschutzerkl\u00e4rung erhoben und verarbeitet werden.(Erforderlich)\"><label class=\"form-check-label\" for=\"input_1_10_1\">Ich stimme zu, dass meine Angaben aus dem Kontaktformular zur Beantwortung meiner Anfrage gem\u00e4ss der <a href=\"\/datenschutzerklaerung\">Datenschutzerkl\u00e4rung<\/a> erhoben und verarbeitet werden.<span class=\"gfield_required gfield_required_text\">(Erforderlich)<\/span><\/label><\/fieldset><\/div><\/div>\n        <div class='gform-footer gform_footer top_label'> <button type='submit' id='gform_submit_button_1' class='wp-block-button' onclick='gform.submission.handleButtonClick(this);' data-submission-type='submit' value='Anfrage absenden'  \/><span class=\"wp-element-button wp-block-button__link\">Anfrage absenden<\/span><\/button> <input type='hidden' name='gform_ajax' value='form_id=1&amp;title=1&amp;description=1&amp;tabindex=0&amp;hash=3a79e4ad67d79d1533e598515335ce66' \/>\n            <input type='hidden' class='gform_hidden' name='gform_submission_method' data-js='gform_submission_method_1' value='iframe' \/>\n            <input type='hidden' class='gform_hidden' name='gform_theme' data-js='gform_theme_1' id='gform_theme_1' value='' \/>\n            <input type='hidden' class='gform_hidden' name='gform_style_settings' data-js='gform_style_settings_1' id='gform_style_settings_1' value='' \/>\n            <input type='hidden' class='gform_hidden' name='is_submit_1' value='1' \/>\n            <input type='hidden' class='gform_hidden' name='gform_submit' value='1' \/>\n            \n            <input type='hidden' class='gform_hidden' name='gform_currency' data-currency='CHF' value='MgK\/t7BKnK11rJkTxKU9quHAlqo\/FfK0kW5GBakl11hAcH3t8b0CTv2LGEmbchpuRnV9EJr8pZf8hN4zktyTAViGllPNLhDR02KVMSOehv6nVGE=' \/>\n            <input type='hidden' class='gform_hidden' name='gform_unique_id' value='' \/>\n            <input type='hidden' class='gform_hidden' name='state_1' value='WyJ7XCIxMC4xXCI6XCI2NTg5NmYyYzRiYjNhMjFjZGJlZWFjNzY5ZGY0NGZiMVwiLFwiMTAuMlwiOlwiNTczNDBiNmFhOWU3MThiZTNmNTJiNGRiMTJmZTdhYjRcIixcIjEwLjNcIjpcIjY1ODk2ZjJjNGJiM2EyMWNkYmVlYWM3NjlkZjQ0ZmIxXCJ9IiwiYWMxODNmYTExODg0ODI1MmQzMjc2ZDZjNWQzNjJlZTciXQ==' \/>\n            <input type='hidden' autocomplete='off' class='gform_hidden' name='gform_target_page_number_1' id='gform_target_page_number_1' value='0' \/>\n            <input type='hidden' autocomplete='off' class='gform_hidden' name='gform_source_page_number_1' id='gform_source_page_number_1' value='1' \/>\n            <input type='hidden' name='gform_field_values' value='' \/>\n            \n        <\/div>\n                        <\/form>\n                        <\/div>\n\t\t                <iframe style='display:none;width:0px;height:0px;' src='about:blank' name='gform_ajax_frame_1' id='gform_ajax_frame_1' title='This iframe contains the logic required to handle Ajax powered Gravity Forms.'><\/iframe>\n\t\t                <script type=\"text\/javascript\">\n\/* <![CDATA[ *\/\n gform.initializeOnLoaded( function() {gformInitSpinner( 1, 'https:\/\/www.vitabad.ch\/wp-content\/plugins\/gravityforms\/images\/spinner.svg', false );jQuery('#gform_ajax_frame_1').on('load',function(){var contents = jQuery(this).contents().find('*').html();var is_postback = contents.indexOf('GF_AJAX_POSTBACK') >= 0;if(!is_postback){return;}var form_content = jQuery(this).contents().find('#gform_wrapper_1');var is_confirmation = jQuery(this).contents().find('#gform_confirmation_wrapper_1').length > 0;var is_redirect = contents.indexOf('gformRedirect(){') >= 0;var is_form = form_content.length > 0 && ! is_redirect && ! is_confirmation;var mt = parseInt(jQuery('html').css('margin-top'), 10) + parseInt(jQuery('body').css('margin-top'), 10) + 100;if(is_form){jQuery('#gform_wrapper_1').html(form_content.html());if(form_content.hasClass('gform_validation_error')){jQuery('#gform_wrapper_1').addClass('gform_validation_error');} else {jQuery('#gform_wrapper_1').removeClass('gform_validation_error');}setTimeout( function() { \/* delay the scroll by 50 milliseconds to fix a bug in chrome *\/ jQuery(document).scrollTop(jQuery('#gform_wrapper_1').offset().top - mt); }, 50 );if(window['gformInitDatepicker']) {gformInitDatepicker();}if(window['gformInitPriceFields']) {gformInitPriceFields();}var current_page = jQuery('#gform_source_page_number_1').val();gformInitSpinner( 1, 'https:\/\/www.vitabad.ch\/wp-content\/plugins\/gravityforms\/images\/spinner.svg', false );jQuery(document).trigger('gform_page_loaded', [1, current_page]);window['gf_submitting_1'] = false;}else if(!is_redirect){var confirmation_content = jQuery(this).contents().find('.GF_AJAX_POSTBACK').html();if(!confirmation_content){confirmation_content = contents;}jQuery('#gform_wrapper_1').replaceWith(confirmation_content);jQuery(document).scrollTop(jQuery('#gf_1').offset().top - mt);jQuery(document).trigger('gform_confirmation_loaded', [1]);window['gf_submitting_1'] = false;wp.a11y.speak(jQuery('#gform_confirmation_message_1').text());}else{jQuery('#gform_1').append(contents);if(window['gformRedirect']) {gformRedirect();}}jQuery(document).trigger(\"gform_pre_post_render\", [{ formId: \"1\", currentPage: \"current_page\", abort: function() { this.preventDefault(); } }]);        if (event && event.defaultPrevented) {                return;        }        const gformWrapperDiv = document.getElementById( \"gform_wrapper_1\" );        if ( gformWrapperDiv ) {            const visibilitySpan = document.createElement( \"span\" );            visibilitySpan.id = \"gform_visibility_test_1\";            gformWrapperDiv.insertAdjacentElement( \"afterend\", visibilitySpan );        }        const visibilityTestDiv = document.getElementById( \"gform_visibility_test_1\" );        let postRenderFired = false;        function triggerPostRender() {            if ( postRenderFired ) {                return;            }            postRenderFired = true;            gform.core.triggerPostRenderEvents( 1, current_page );            if ( visibilityTestDiv ) {                visibilityTestDiv.parentNode.removeChild( visibilityTestDiv );            }        }        function debounce( func, wait, immediate ) {            var timeout;            return function() {                var context = this, args = arguments;                var later = function() {                    timeout = null;                    if ( !immediate ) func.apply( context, args );                };                var callNow = immediate && !timeout;                clearTimeout( timeout );                timeout = setTimeout( later, wait );                if ( callNow ) func.apply( context, args );            };        }        const debouncedTriggerPostRender = debounce( function() {            triggerPostRender();        }, 200 );        if ( visibilityTestDiv && visibilityTestDiv.offsetParent === null ) {            const observer = new MutationObserver( ( mutations ) => {                mutations.forEach( ( mutation ) => {                    if ( mutation.type === 'attributes' && visibilityTestDiv.offsetParent !== null ) {                        debouncedTriggerPostRender();                        observer.disconnect();                    }                });            });            observer.observe( document.body, {                attributes: true,                childList: false,                subtree: true,                attributeFilter: [ 'style', 'class' ],            });        } else {            triggerPostRender();        }    } );} ); \n\/* ]]> *\/\n<\/script>\n            <\/div>\n        <\/div>\n    <\/div>\n<\/div>\n","protected":false},"excerpt":{"rendered":"<p>Die Realisierung des Traums vom eigenen Schwimmbad Wir k\u00fcmmern uns um die Erstellung der Baugesuchunterlagen f\u00fcr Ihr privates Gartenschwimmbad Mit 40 Jahren Erfahrung als Schwimmbadbauer wissen wir genau, was f\u00fcr die Einleitung eines Baugesuchverfahrens erforderlich ist. Wenn Sie sich f\u00fcr diesen Service entscheiden, ben\u00f6tigen wir lediglich Ihre Unterschrift, und wir \u00fcbernehmen den Rest. Unsere erfahrene [&hellip;]<\/p>\n","protected":false},"author":1,"featured_media":0,"parent":704,"menu_order":0,"comment_status":"closed","ping_status":"closed","template":"","meta":{"footnotes":""},"class_list":["post-720","page","type-page","status-publish","hentry","has-post-content"],"acf":[],"_links":{"self":[{"href":"https:\/\/www.vitabad.ch\/en\/wp-json\/wp\/v2\/pages\/720","targetHints":{"allow":["GET"]}}],"collection":[{"href":"https:\/\/www.vitabad.ch\/en\/wp-json\/wp\/v2\/pages"}],"about":[{"href":"https:\/\/www.vitabad.ch\/en\/wp-json\/wp\/v2\/types\/page"}],"author":[{"embeddable":true,"href":"https:\/\/www.vitabad.ch\/en\/wp-json\/wp\/v2\/users\/1"}],"replies":[{"embeddable":true,"href":"https:\/\/www.vitabad.ch\/en\/wp-json\/wp\/v2\/comments?post=720"}],"version-history":[{"count":2,"href":"https:\/\/www.vitabad.ch\/en\/wp-json\/wp\/v2\/pages\/720\/revisions"}],"predecessor-version":[{"id":3800,"href":"https:\/\/www.vitabad.ch\/en\/wp-json\/wp\/v2\/pages\/720\/revisions\/3800"}],"up":[{"embeddable":true,"href":"https:\/\/www.vitabad.ch\/en\/wp-json\/wp\/v2\/pages\/704"}],"wp:attachment":[{"href":"https:\/\/www.vitabad.ch\/en\/wp-json\/wp\/v2\/media?parent=720"}],"curies":[{"name":"wp","href":"https:\/\/api.w.org\/{rel}","templated":true}]}}