{"id":766,"date":"2023-02-09T12:44:51","date_gmt":"2023-02-09T11:44:51","guid":{"rendered":"https:\/\/vitabad.dev.hayloft-it.ch\/?page_id=766"},"modified":"2026-01-19T10:42:07","modified_gmt":"2026-01-19T09:42:07","slug":"history","status":"publish","type":"page","link":"https:\/\/www.vitabad.ch\/en\/ueber-vita-bad\/historie\/","title":{"rendered":"History"},"content":{"rendered":"<h1 class=\"has-text-align-left wp-block-heading\">Company history<\/h1>\n\n\n\n<p>Vita Bad turns dreams into reality. We have been putting our heart and soul into our work for 40 years now.<\/p>\n\n\n\n<p>The history of Vita Bad is a fascinating journey through the years, characterized by innovation, commitment and the unwavering pursuit of the highest quality. Since our foundation, we have consistently focused not only on building swimming pools, but on designing living spaces that combine pleasure, style and sustainability.<\/p>\n\n\n\n<p>Today, Vita Bad AG is the leading provider of high-quality swimming pool systems, including the complete swimming pool technology, in the private swimming pool sector in German-speaking Switzerland and Ticino. We install over 100 swimming pool systems in private gardens in Switzerland every year.<\/p>\n\n\n\n<p>Our roots go back to 1983, when Vita Bad began as a small family business. The founding couple, Silvia and Anton Achermann, shared a vision of garden swimming pools that were more than just a place to swim. Rather, it should be a place to relax and unwind that also takes into account the aesthetic demands of the time. In the early days, Vita Bad produced around 10 to 15 garden swimming pools a year. Over time, the family business has grown. The two children, Ueli Achermann since 1997 and Gabi Hecht-Achermann since 2006, both grew up with swimming pool construction and took over the management of Vita Bad AG in 2008.<\/p>\n\n\n\n<figure class=\"wp-block-gallery alignwide has-nested-images columns-default is-cropped wp-block-gallery-1 is-layout-flex wp-block-gallery-is-layout-flex\">\n<figure data-no-zoom=\"true\" class=\"wp-block-image size-large\"><img loading=\"lazy\" decoding=\"async\" width=\"1024\" height=\"679\" data-id=\"3620\" src=\"https:\/\/www.vitabad.ch\/wp-content\/uploads\/2024\/01\/Barcelona-2-1024x679.jpg\" alt=\"\" class=\"wp-image-3620\" srcset=\"https:\/\/www.vitabad.ch\/wp-content\/uploads\/2024\/01\/Barcelona-2-1024x679.jpg 1024w, https:\/\/www.vitabad.ch\/wp-content\/uploads\/2024\/01\/Barcelona-2-300x199.jpg 300w, https:\/\/www.vitabad.ch\/wp-content\/uploads\/2024\/01\/Barcelona-2-150x100.jpg 150w, https:\/\/www.vitabad.ch\/wp-content\/uploads\/2024\/01\/Barcelona-2-768x509.jpg 768w, https:\/\/www.vitabad.ch\/wp-content\/uploads\/2024\/01\/Barcelona-2-1536x1019.jpg 1536w, https:\/\/www.vitabad.ch\/wp-content\/uploads\/2024\/01\/Barcelona-2-2048x1359.jpg 2048w, https:\/\/www.vitabad.ch\/wp-content\/uploads\/2024\/01\/Barcelona-2-600x398.jpg 600w\" sizes=\"auto, (max-width: 1024px) 100vw, 1024px\" \/><figcaption class=\"wp-element-caption\">40 years of Vita Bad - anniversary trip to Barcelona<\/figcaption><\/figure>\n\n\n\n<figure data-no-zoom=\"true\" class=\"wp-block-image size-large\"><img loading=\"lazy\" decoding=\"async\" width=\"1024\" height=\"689\" data-id=\"2844\" src=\"https:\/\/www.vitabad.ch\/wp-content\/uploads\/2023\/04\/Mitarbeiterfoto-2-1-1024x689.jpg\" alt=\"\" class=\"wp-image-2844\" srcset=\"https:\/\/www.vitabad.ch\/wp-content\/uploads\/2023\/04\/Mitarbeiterfoto-2-1-1024x689.jpg 1024w, https:\/\/www.vitabad.ch\/wp-content\/uploads\/2023\/04\/Mitarbeiterfoto-2-1-300x202.jpg 300w, https:\/\/www.vitabad.ch\/wp-content\/uploads\/2023\/04\/Mitarbeiterfoto-2-1-150x101.jpg 150w, https:\/\/www.vitabad.ch\/wp-content\/uploads\/2023\/04\/Mitarbeiterfoto-2-1-768x517.jpg 768w, https:\/\/www.vitabad.ch\/wp-content\/uploads\/2023\/04\/Mitarbeiterfoto-2-1-1536x1033.jpg 1536w, https:\/\/www.vitabad.ch\/wp-content\/uploads\/2023\/04\/Mitarbeiterfoto-2-1-600x404.jpg 600w, https:\/\/www.vitabad.ch\/wp-content\/uploads\/2023\/04\/Mitarbeiterfoto-2-1.jpg 1641w\" sizes=\"auto, (max-width: 1024px) 100vw, 1024px\" \/><figcaption class=\"wp-element-caption\">Summer event with Marco Odermatt and Andrea Ellenberger<\/figcaption><\/figure>\n<\/figure>\n\n\n\n<p>From a small family business with seasonal employees, a company with around 35 employees has grown over the last 43 years. The philosophy has remained the same: Garden swimming pools where luxury, design and craftsmanship come together to create unique water worlds.<\/p>\n\n\n\n<h3 class=\"wp-block-heading\">competent &amp; friendly<\/h3>\n\n\n\n<p>Our company is characterized by proven top quality, competent customer advice, expert planning and comprehensive service.<\/p>\n\n\n\n<div class=\"wp-block-buttons is-layout-flex wp-block-buttons-is-layout-flex\">\n<div class=\"wp-block-button\"><a class=\"wp-block-button__link wp-element-button\" href=\"https:\/\/www.vitabad.ch\/en\/about-vita-bath\/team\/\">The whole Vita Bad team<\/a><\/div>\n<\/div>\n\n\n\n<div class=\"wp-block-media-text alignwide is-stacked-on-mobile\"><figure class=\"wp-block-media-text__media\" data-no-zoom=\"true\"><img loading=\"lazy\" decoding=\"async\" width=\"1024\" height=\"679\" src=\"https:\/\/www.vitabad.ch\/wp-content\/uploads\/2024\/01\/DSC_0136-1024x679.jpg\" alt=\"\" class=\"wp-image-3613 size-full\" srcset=\"https:\/\/www.vitabad.ch\/wp-content\/uploads\/2024\/01\/DSC_0136-1024x679.jpg 1024w, https:\/\/www.vitabad.ch\/wp-content\/uploads\/2024\/01\/DSC_0136-300x199.jpg 300w, https:\/\/www.vitabad.ch\/wp-content\/uploads\/2024\/01\/DSC_0136-150x99.jpg 150w, https:\/\/www.vitabad.ch\/wp-content\/uploads\/2024\/01\/DSC_0136-768x509.jpg 768w, https:\/\/www.vitabad.ch\/wp-content\/uploads\/2024\/01\/DSC_0136-1536x1019.jpg 1536w, https:\/\/www.vitabad.ch\/wp-content\/uploads\/2024\/01\/DSC_0136-2048x1358.jpg 2048w, https:\/\/www.vitabad.ch\/wp-content\/uploads\/2024\/01\/DSC_0136-600x398.jpg 600w\" sizes=\"auto, (max-width: 1024px) 100vw, 1024px\" \/><\/figure><div class=\"wp-block-media-text__content\">\n<p>The centerpiece - Vita Pool Classic garden swimming pool: The whole story of Vita Bad began with this unique pool design. Read more here....<\/p>\n\n\n\n<div class=\"wp-block-buttons is-layout-flex wp-block-buttons-is-layout-flex\">\n<div class=\"wp-block-button\"><a class=\"wp-block-button__link wp-element-button\" href=\"https:\/\/www.vitabad.ch\/en\/pools\/vitapool-classic\/\" target=\"_blank\" rel=\"noreferrer noopener\">to the Vita Pool classic<\/a><\/div>\n<\/div>\n<\/div><\/div>\n\n\n\n<div class=\"wp-block-media-text alignwide has-media-on-the-right is-stacked-on-mobile\"><div class=\"wp-block-media-text__content\">\n<h2 class=\"wp-block-heading\">Facts &amp; Figures<\/h2>\n\n\n\n<p><strong>Foundation<\/strong><br>1983<\/p>\n\n\n\n<p><strong>Business form<\/strong><br>Public limited company<\/p>\n\n\n\n<p><strong>Name<\/strong><br>Vita Bad AG<\/p>\n\n\n\n<p><strong>Head office<\/strong><br>Tampiteller 2, 6294 Ermensee<\/p>\n\n\n\n<p><strong>Exhibition<\/strong><br>Largest swimming pool exhibition in Switzerland at over 1500m<sup>2<\/sup><\/p>\n<\/div><figure class=\"wp-block-media-text__media\" data-no-zoom=\"true\"><img loading=\"lazy\" decoding=\"async\" width=\"737\" height=\"390\" src=\"https:\/\/www.vitabad.ch\/wp-content\/uploads\/2023\/02\/ausstellung_02.jpg\" alt=\"\" class=\"wp-image-839 size-full\" srcset=\"https:\/\/www.vitabad.ch\/wp-content\/uploads\/2023\/02\/ausstellung_02.jpg 737w, https:\/\/www.vitabad.ch\/wp-content\/uploads\/2023\/02\/ausstellung_02-300x159.jpg 300w, https:\/\/www.vitabad.ch\/wp-content\/uploads\/2023\/02\/ausstellung_02-150x79.jpg 150w, https:\/\/www.vitabad.ch\/wp-content\/uploads\/2023\/02\/ausstellung_02-600x318.jpg 600w\" sizes=\"auto, (max-width: 737px) 100vw, 737px\" \/><\/figure><\/div>\n\n\n\n<h2 class=\"wp-block-heading\">Exhibition<\/h2>\n\n\n\n<ul class=\"wp-block-list\"><li><div class=\"list-item-wrapper\">8 swimming pool systems installed at the head office<\/div><\/li>\n\n<li><div class=\"list-item-wrapper\">2 whirlpools<\/div><\/li>\n\n<li><div class=\"list-item-wrapper\"><a href=\"https:\/\/www.klafs.ch\/\" target=\"_blank\" rel=\"noreferrer noopener\">1 outdoor sauna<\/a><\/div><\/li>\n\n<li><div class=\"list-item-wrapper\">1 pergola<\/div><\/li>\n\n<li><div class=\"list-item-wrapper\">various natural stones<\/div><\/li><\/ul>\n\n\n\n<figure class=\"wp-block-gallery has-nested-images columns-default is-cropped wp-block-gallery-2 is-layout-flex wp-block-gallery-is-layout-flex\">\n<figure data-no-zoom=\"true\" class=\"wp-block-image size-large\"><img loading=\"lazy\" decoding=\"async\" width=\"1024\" height=\"683\" data-id=\"3601\" src=\"https:\/\/www.vitabad.ch\/wp-content\/uploads\/2024\/01\/Ausstellung-VB-Roma-2-1024x683.jpg\" alt=\"\" class=\"wp-image-3601\" srcset=\"https:\/\/www.vitabad.ch\/wp-content\/uploads\/2024\/01\/Ausstellung-VB-Roma-2-1024x683.jpg 1024w, https:\/\/www.vitabad.ch\/wp-content\/uploads\/2024\/01\/Ausstellung-VB-Roma-2-300x200.jpg 300w, https:\/\/www.vitabad.ch\/wp-content\/uploads\/2024\/01\/Ausstellung-VB-Roma-2-150x100.jpg 150w, https:\/\/www.vitabad.ch\/wp-content\/uploads\/2024\/01\/Ausstellung-VB-Roma-2-768x512.jpg 768w, https:\/\/www.vitabad.ch\/wp-content\/uploads\/2024\/01\/Ausstellung-VB-Roma-2-1536x1024.jpg 1536w, https:\/\/www.vitabad.ch\/wp-content\/uploads\/2024\/01\/Ausstellung-VB-Roma-2-2048x1365.jpg 2048w, https:\/\/www.vitabad.ch\/wp-content\/uploads\/2024\/01\/Ausstellung-VB-Roma-2-600x400.jpg 600w\" sizes=\"auto, (max-width: 1024px) 100vw, 1024px\" \/><\/figure>\n\n\n\n<figure data-no-zoom=\"true\" class=\"wp-block-image size-large\"><img loading=\"lazy\" decoding=\"async\" width=\"1024\" height=\"768\" data-id=\"3606\" src=\"https:\/\/www.vitabad.ch\/wp-content\/uploads\/2024\/01\/IMG_20211104_080118-1024x768.jpg\" alt=\"\" class=\"wp-image-3606\" srcset=\"https:\/\/www.vitabad.ch\/wp-content\/uploads\/2024\/01\/IMG_20211104_080118-1024x768.jpg 1024w, https:\/\/www.vitabad.ch\/wp-content\/uploads\/2024\/01\/IMG_20211104_080118-300x225.jpg 300w, https:\/\/www.vitabad.ch\/wp-content\/uploads\/2024\/01\/IMG_20211104_080118-150x113.jpg 150w, https:\/\/www.vitabad.ch\/wp-content\/uploads\/2024\/01\/IMG_20211104_080118-768x576.jpg 768w, https:\/\/www.vitabad.ch\/wp-content\/uploads\/2024\/01\/IMG_20211104_080118-1536x1152.jpg 1536w, https:\/\/www.vitabad.ch\/wp-content\/uploads\/2024\/01\/IMG_20211104_080118-2048x1536.jpg 2048w, https:\/\/www.vitabad.ch\/wp-content\/uploads\/2024\/01\/IMG_20211104_080118-600x450.jpg 600w\" sizes=\"auto, (max-width: 1024px) 100vw, 1024px\" \/><\/figure>\n\n\n\n<figure data-no-zoom=\"true\" class=\"wp-block-image size-large\"><img loading=\"lazy\" decoding=\"async\" width=\"1024\" height=\"576\" data-id=\"3611\" src=\"https:\/\/www.vitabad.ch\/wp-content\/uploads\/2024\/01\/20190608_125612-1024x576.jpg\" alt=\"\" class=\"wp-image-3611\" srcset=\"https:\/\/www.vitabad.ch\/wp-content\/uploads\/2024\/01\/20190608_125612-1024x576.jpg 1024w, https:\/\/www.vitabad.ch\/wp-content\/uploads\/2024\/01\/20190608_125612-300x169.jpg 300w, https:\/\/www.vitabad.ch\/wp-content\/uploads\/2024\/01\/20190608_125612-150x84.jpg 150w, https:\/\/www.vitabad.ch\/wp-content\/uploads\/2024\/01\/20190608_125612-768x432.jpg 768w, https:\/\/www.vitabad.ch\/wp-content\/uploads\/2024\/01\/20190608_125612-1536x864.jpg 1536w, https:\/\/www.vitabad.ch\/wp-content\/uploads\/2024\/01\/20190608_125612-2048x1152.jpg 2048w, https:\/\/www.vitabad.ch\/wp-content\/uploads\/2024\/01\/20190608_125612-600x338.jpg 600w\" sizes=\"auto, (max-width: 1024px) 100vw, 1024px\" \/><\/figure>\n\n\n\n<figure data-no-zoom=\"true\" class=\"wp-block-image size-large\"><img loading=\"lazy\" decoding=\"async\" width=\"1024\" height=\"576\" data-id=\"3593\" src=\"https:\/\/www.vitabad.ch\/wp-content\/uploads\/2024\/01\/20190111_080852-1024x576.jpg\" alt=\"\" class=\"wp-image-3593\" srcset=\"https:\/\/www.vitabad.ch\/wp-content\/uploads\/2024\/01\/20190111_080852-1024x576.jpg 1024w, https:\/\/www.vitabad.ch\/wp-content\/uploads\/2024\/01\/20190111_080852-300x169.jpg 300w, https:\/\/www.vitabad.ch\/wp-content\/uploads\/2024\/01\/20190111_080852-150x84.jpg 150w, https:\/\/www.vitabad.ch\/wp-content\/uploads\/2024\/01\/20190111_080852-768x432.jpg 768w, https:\/\/www.vitabad.ch\/wp-content\/uploads\/2024\/01\/20190111_080852-1536x864.jpg 1536w, https:\/\/www.vitabad.ch\/wp-content\/uploads\/2024\/01\/20190111_080852-2048x1152.jpg 2048w, https:\/\/www.vitabad.ch\/wp-content\/uploads\/2024\/01\/20190111_080852-600x338.jpg 600w\" sizes=\"auto, (max-width: 1024px) 100vw, 1024px\" \/><\/figure>\n\n\n\n<figure data-no-zoom=\"true\" class=\"wp-block-image size-large\"><img loading=\"lazy\" decoding=\"async\" width=\"1024\" height=\"576\" data-id=\"3594\" src=\"https:\/\/www.vitabad.ch\/wp-content\/uploads\/2024\/01\/20180419_122537-1024x576.jpg\" alt=\"\" class=\"wp-image-3594\" srcset=\"https:\/\/www.vitabad.ch\/wp-content\/uploads\/2024\/01\/20180419_122537-1024x576.jpg 1024w, https:\/\/www.vitabad.ch\/wp-content\/uploads\/2024\/01\/20180419_122537-300x169.jpg 300w, https:\/\/www.vitabad.ch\/wp-content\/uploads\/2024\/01\/20180419_122537-150x84.jpg 150w, https:\/\/www.vitabad.ch\/wp-content\/uploads\/2024\/01\/20180419_122537-768x432.jpg 768w, https:\/\/www.vitabad.ch\/wp-content\/uploads\/2024\/01\/20180419_122537-1536x864.jpg 1536w, https:\/\/www.vitabad.ch\/wp-content\/uploads\/2024\/01\/20180419_122537-2048x1152.jpg 2048w, https:\/\/www.vitabad.ch\/wp-content\/uploads\/2024\/01\/20180419_122537-600x338.jpg 600w\" sizes=\"auto, (max-width: 1024px) 100vw, 1024px\" \/><\/figure>\n\n\n\n<figure data-no-zoom=\"true\" class=\"wp-block-image size-large\"><img loading=\"lazy\" decoding=\"async\" width=\"1024\" height=\"768\" data-id=\"3605\" src=\"https:\/\/www.vitabad.ch\/wp-content\/uploads\/2024\/01\/IMG_20211104_083816-1024x768.jpg\" alt=\"\" class=\"wp-image-3605\" srcset=\"https:\/\/www.vitabad.ch\/wp-content\/uploads\/2024\/01\/IMG_20211104_083816-1024x768.jpg 1024w, https:\/\/www.vitabad.ch\/wp-content\/uploads\/2024\/01\/IMG_20211104_083816-300x225.jpg 300w, https:\/\/www.vitabad.ch\/wp-content\/uploads\/2024\/01\/IMG_20211104_083816-150x113.jpg 150w, https:\/\/www.vitabad.ch\/wp-content\/uploads\/2024\/01\/IMG_20211104_083816-768x576.jpg 768w, https:\/\/www.vitabad.ch\/wp-content\/uploads\/2024\/01\/IMG_20211104_083816-1536x1152.jpg 1536w, https:\/\/www.vitabad.ch\/wp-content\/uploads\/2024\/01\/IMG_20211104_083816-2048x1536.jpg 2048w, https:\/\/www.vitabad.ch\/wp-content\/uploads\/2024\/01\/IMG_20211104_083816-600x450.jpg 600w\" sizes=\"auto, (max-width: 1024px) 100vw, 1024px\" \/><\/figure>\n\n\n\n<figure data-no-zoom=\"true\" class=\"wp-block-image size-large\"><img loading=\"lazy\" decoding=\"async\" width=\"1024\" height=\"768\" data-id=\"3609\" src=\"https:\/\/www.vitabad.ch\/wp-content\/uploads\/2024\/01\/IMG_20211104_083645-1024x768.jpg\" alt=\"\" class=\"wp-image-3609\" srcset=\"https:\/\/www.vitabad.ch\/wp-content\/uploads\/2024\/01\/IMG_20211104_083645-1024x768.jpg 1024w, https:\/\/www.vitabad.ch\/wp-content\/uploads\/2024\/01\/IMG_20211104_083645-300x225.jpg 300w, https:\/\/www.vitabad.ch\/wp-content\/uploads\/2024\/01\/IMG_20211104_083645-150x113.jpg 150w, https:\/\/www.vitabad.ch\/wp-content\/uploads\/2024\/01\/IMG_20211104_083645-768x576.jpg 768w, https:\/\/www.vitabad.ch\/wp-content\/uploads\/2024\/01\/IMG_20211104_083645-1536x1152.jpg 1536w, https:\/\/www.vitabad.ch\/wp-content\/uploads\/2024\/01\/IMG_20211104_083645-2048x1536.jpg 2048w, https:\/\/www.vitabad.ch\/wp-content\/uploads\/2024\/01\/IMG_20211104_083645-600x450.jpg 600w\" sizes=\"auto, (max-width: 1024px) 100vw, 1024px\" \/><\/figure>\n\n\n\n<figure data-no-zoom=\"true\" class=\"wp-block-image size-large\"><img loading=\"lazy\" decoding=\"async\" width=\"1024\" height=\"683\" data-id=\"3599\" src=\"https:\/\/www.vitabad.ch\/wp-content\/uploads\/2024\/01\/Ausstellung-VB-Edelstahl-1-1024x683.jpg\" alt=\"\" class=\"wp-image-3599\" srcset=\"https:\/\/www.vitabad.ch\/wp-content\/uploads\/2024\/01\/Ausstellung-VB-Edelstahl-1-1024x683.jpg 1024w, https:\/\/www.vitabad.ch\/wp-content\/uploads\/2024\/01\/Ausstellung-VB-Edelstahl-1-300x200.jpg 300w, https:\/\/www.vitabad.ch\/wp-content\/uploads\/2024\/01\/Ausstellung-VB-Edelstahl-1-150x100.jpg 150w, https:\/\/www.vitabad.ch\/wp-content\/uploads\/2024\/01\/Ausstellung-VB-Edelstahl-1-768x512.jpg 768w, https:\/\/www.vitabad.ch\/wp-content\/uploads\/2024\/01\/Ausstellung-VB-Edelstahl-1-1536x1024.jpg 1536w, https:\/\/www.vitabad.ch\/wp-content\/uploads\/2024\/01\/Ausstellung-VB-Edelstahl-1-2048x1365.jpg 2048w, https:\/\/www.vitabad.ch\/wp-content\/uploads\/2024\/01\/Ausstellung-VB-Edelstahl-1-600x400.jpg 600w\" sizes=\"auto, (max-width: 1024px) 100vw, 1024px\" \/><\/figure>\n\n\n\n<figure data-no-zoom=\"true\" class=\"wp-block-image size-large\"><img loading=\"lazy\" decoding=\"async\" width=\"1024\" height=\"683\" data-id=\"3608\" src=\"https:\/\/www.vitabad.ch\/wp-content\/uploads\/2024\/01\/ZURICH2017-323-1-1024x683.jpg\" alt=\"\" class=\"wp-image-3608\" srcset=\"https:\/\/www.vitabad.ch\/wp-content\/uploads\/2024\/01\/ZURICH2017-323-1-1024x683.jpg 1024w, https:\/\/www.vitabad.ch\/wp-content\/uploads\/2024\/01\/ZURICH2017-323-1-300x200.jpg 300w, https:\/\/www.vitabad.ch\/wp-content\/uploads\/2024\/01\/ZURICH2017-323-1-150x100.jpg 150w, https:\/\/www.vitabad.ch\/wp-content\/uploads\/2024\/01\/ZURICH2017-323-1-768x512.jpg 768w, https:\/\/www.vitabad.ch\/wp-content\/uploads\/2024\/01\/ZURICH2017-323-1-1536x1024.jpg 1536w, https:\/\/www.vitabad.ch\/wp-content\/uploads\/2024\/01\/ZURICH2017-323-1-2048x1365.jpg 2048w, https:\/\/www.vitabad.ch\/wp-content\/uploads\/2024\/01\/ZURICH2017-323-1-600x400.jpg 600w\" sizes=\"auto, (max-width: 1024px) 100vw, 1024px\" \/><\/figure>\n<\/figure>","protected":false},"excerpt":{"rendered":"<p>Firmengeschichte Vita Bad setzt Tr\u00e4ume um. Seit mittlerweile 40 Jahren sind wir mit viel Herzblut am Werk. Die Geschichte von Vita Bad ist eine faszinierende Reise durch die Jahre, gepr\u00e4gt von Innovation, Engagement und dem unersch\u00fctterlichen Streben nach h\u00f6chster Qualit\u00e4t. Seit unserer Gr\u00fcndung haben wir uns konsequent darauf konzentriert, nicht nur Schwimmb\u00e4der zu bauen, sondern [&hellip;]<\/p>\n","protected":false},"author":1,"featured_media":0,"parent":69,"menu_order":0,"comment_status":"closed","ping_status":"closed","template":"","meta":{"footnotes":""},"class_list":["post-766","page","type-page","status-publish","hentry","has-post-content"],"acf":[],"_links":{"self":[{"href":"https:\/\/www.vitabad.ch\/en\/wp-json\/wp\/v2\/pages\/766","targetHints":{"allow":["GET"]}}],"collection":[{"href":"https:\/\/www.vitabad.ch\/en\/wp-json\/wp\/v2\/pages"}],"about":[{"href":"https:\/\/www.vitabad.ch\/en\/wp-json\/wp\/v2\/types\/page"}],"author":[{"embeddable":true,"href":"https:\/\/www.vitabad.ch\/en\/wp-json\/wp\/v2\/users\/1"}],"replies":[{"embeddable":true,"href":"https:\/\/www.vitabad.ch\/en\/wp-json\/wp\/v2\/comments?post=766"}],"version-history":[{"count":16,"href":"https:\/\/www.vitabad.ch\/en\/wp-json\/wp\/v2\/pages\/766\/revisions"}],"predecessor-version":[{"id":5192,"href":"https:\/\/www.vitabad.ch\/en\/wp-json\/wp\/v2\/pages\/766\/revisions\/5192"}],"up":[{"embeddable":true,"href":"https:\/\/www.vitabad.ch\/en\/wp-json\/wp\/v2\/pages\/69"}],"wp:attachment":[{"href":"https:\/\/www.vitabad.ch\/en\/wp-json\/wp\/v2\/media?parent=766"}],"curies":[{"name":"wp","href":"https:\/\/api.w.org\/{rel}","templated":true}]}}